{"id":110,"date":"2020-03-31T00:31:05","date_gmt":"2020-03-31T00:31:05","guid":{"rendered":"https:\/\/meditic.facmed.unam.mx\/?page_id=110"},"modified":"2021-08-09T19:30:31","modified_gmt":"2021-08-09T19:30:31","slug":"profesionales","status":"publish","type":"page","link":"https:\/\/meditic.facmed.unam.mx\/index.php\/profesionales\/","title":{"rendered":"Profesionales de la salud"},"content":{"rendered":"<p>[et_pb_section fb_built=&#8221;1&#8243; admin_label=&#8221;Hero&#8221; _builder_version=&#8221;4.4.2&#8243; use_background_color_gradient=&#8221;on&#8221; background_color_gradient_start=&#8221;#7ecc38&#8243; background_color_gradient_end=&#8221;#1d8d03&#8243; background_color_gradient_direction=&#8221;60deg&#8221; custom_padding=&#8221;10px|0px|50px|0px|false|false&#8221; hover_enabled=&#8221;0&#8243;][et_pb_row column_structure=&#8221;1_2,1_2&#8243; _builder_version=&#8221;3.25&#8243; custom_padding=&#8221;|||&#8221; hover_enabled=&#8221;0&#8243;][et_pb_column type=&#8221;1_2&#8243; _builder_version=&#8221;3.25&#8243; custom_padding=&#8221;||60px|&#8221; custom_padding__hover=&#8221;|||&#8221;][et_pb_text _builder_version=&#8221;4.4.2&#8243; text_font=&#8221;Open Sans|600|||||||&#8221; text_font_size=&#8221;16px&#8221; text_line_height=&#8221;1.8em&#8221; header_font=&#8221;Poppins||||||||&#8221; header_text_align=&#8221;center&#8221; header_font_size=&#8221;50px&#8221; header_line_height=&#8221;1.4em&#8221; background_layout=&#8221;dark&#8221; max_width=&#8221;550px&#8221; custom_margin=&#8221;20px||||false|false&#8221; animation_style=&#8221;slide&#8221; animation_direction=&#8221;left&#8221; animation_intensity_slide=&#8221;10%&#8221;]<\/p>\n<h1>Profesionales<br \/>de la salud<\/h1>\n<p>[\/et_pb_text][\/et_pb_column][et_pb_column type=&#8221;1_2&#8243; _builder_version=&#8221;3.25&#8243; custom_padding=&#8221;|||&#8221; custom_padding__hover=&#8221;|||&#8221;][et_pb_image src=&#8221;https:\/\/meditic.facmed.unam.mx\/wp-content\/uploads\/2020\/04\/cabez03a.png&#8221; show_bottom_space=&#8221;off&#8221; force_fullwidth=&#8221;on&#8221; align_tablet=&#8221;center&#8221; align_phone=&#8221;&#8221; align_last_edited=&#8221;on|desktop&#8221; _builder_version=&#8221;4.4.2&#8243; animation_style=&#8221;slide&#8221; animation_direction=&#8221;right&#8221; animation_intensity_slide=&#8221;10%&#8221; hover_enabled=&#8221;0&#8243;][\/et_pb_image][\/et_pb_column][\/et_pb_row][\/et_pb_section][et_pb_section fb_built=&#8221;1&#8243; specialty=&#8221;on&#8221; admin_label=&#8221;Features&#8221; _builder_version=&#8221;4.4.2&#8243; background_color=&#8221;#ed7d31&#8243;][et_pb_column type=&#8221;1_2&#8243; specialty_columns=&#8221;2&#8243; _builder_version=&#8221;3.25&#8243; custom_padding=&#8221;|||&#8221; custom_padding__hover=&#8221;|||&#8221;][et_pb_row_inner _builder_version=&#8221;3.25&#8243;][et_pb_column_inner saved_specialty_column_type=&#8221;1_2&#8243; _builder_version=&#8221;3.25&#8243; custom_padding=&#8221;|||&#8221; custom_padding__hover=&#8221;|||&#8221;][et_pb_text _builder_version=&#8221;4.4.2&#8243; text_font=&#8221;||||||||&#8221; text_text_color=&#8221;#ffffff&#8221; text_font_size=&#8221;16px&#8221; text_line_height=&#8221;1.8em&#8221; header_font=&#8221;||||||||&#8221; header_text_align=&#8221;left&#8221; header_2_font=&#8221;Poppins||||||||&#8221; header_2_text_align=&#8221;center&#8221; header_2_text_color=&#8221;#ffffff&#8221; header_2_font_size=&#8221;32px&#8221; header_2_line_height=&#8221;1.4em&#8221; header_3_font=&#8221;||||||||&#8221; module_alignment=&#8221;center&#8221;]<\/p>\n<h2>Educaci\u00f3n continua<\/h2>\n<p>[\/et_pb_text][\/et_pb_column_inner][\/et_pb_row_inner][et_pb_row_inner _builder_version=&#8221;3.25&#8243;][et_pb_column_inner saved_specialty_column_type=&#8221;1_2&#8243; _builder_version=&#8221;3.25&#8243; custom_padding=&#8221;|||&#8221; custom_padding__hover=&#8221;|||&#8221;][et_pb_text _builder_version=&#8221;4.4.2&#8243; text_font=&#8221;||||||||&#8221; text_text_color=&#8221;#ffffff&#8221; header_font=&#8221;||||||||&#8221; header_4_font=&#8221;Poppins|600|||||||&#8221; header_4_text_color=&#8221;#ffffff&#8221;]<\/p>\n<h4>Oferta educativa<\/h4>\n<p>En este espacio encontrar\u00e1 algunas opciones de cursos y diplomados para continuar su formaci\u00f3n.<\/p>\n<p>[\/et_pb_text][\/et_pb_column_inner][\/et_pb_row_inner][et_pb_row_inner _builder_version=&#8221;4.4.2&#8243;][et_pb_column_inner saved_specialty_column_type=&#8221;1_2&#8243; _builder_version=&#8221;4.4.2&#8243;][et_pb_accordion _builder_version=&#8221;4.4.2&#8243; toggle_font=&#8221;Montserrat||||||||&#8221; toggle_font_size=&#8221;20px&#8221; toggle_line_height=&#8221;1.5em&#8221; border_radii=&#8221;on|10px|10px|10px|10px&#8221; border_width_all=&#8221;3px&#8221; border_color_all=&#8221;#ffffff&#8221;][et_pb_accordion_item title=&#8221;Oculto&#8221; open=&#8221;on&#8221; _builder_version=&#8221;4.4.2&#8243; custom_css_main_element=&#8221;display:none;&#8221;][\/et_pb_accordion_item][et_pb_accordion_item title=&#8221;Diplomado para internos de pregrado, m\u00e9dicos pasantes y para el ENARM&#8221; open_toggle_text_color=&#8221;#ffffff&#8221; open_toggle_background_color=&#8221;rgba(0,0,0,0)&#8221; closed_toggle_text_color=&#8221;#ffffff&#8221; closed_toggle_background_color=&#8221;rgba(0,0,0,0)&#8221; icon_color=&#8221;#ffffff&#8221; _builder_version=&#8221;4.4.2&#8243; body_text_color=&#8221;#ffffff&#8221; toggle_text_color=&#8221;#ffffff&#8221; toggle_font=&#8221;Montserrat||||||||&#8221; closed_toggle_font=&#8221;Montserrat||||||||&#8221; open=&#8221;off&#8221;]<a class=\"et_pb_button et_pb_button_3 et_pb_bg_layout_dark\" href=\"http:\/\/www.fmposgrado.unam.mx\/educon\/cardiologia.html\" target=\"_blank\" rel=\"noopener noreferrer\">Cardiolog\u00eda<\/a><\/p>\n<p><a class=\"et_pb_button et_pb_button_3 et_pb_bg_layout_dark\" href=\"http:\/\/www.fmposgrado.unam.mx\/educon\/genetica.html\" target=\"_blank\" rel=\"noopener noreferrer\">Gen\u00e9tica<\/a><\/p>\n<p><a class=\"et_pb_button et_pb_button_3 et_pb_bg_layout_dark\" href=\"http:\/\/www.fmposgrado.unam.mx\/educon\/ginecologia.html\" target=\"_blank\" rel=\"noopener noreferrer\">Ginecolog\u00eda y Obstetricia<\/a><\/p>\n<p><a class=\"et_pb_button et_pb_button_3 et_pb_bg_layout_dark\" href=\"http:\/\/www.fmposgrado.unam.mx\/educon\/infectologia.html\" target=\"_blank\" rel=\"noopener noreferrer\">Infectolog\u00eda<\/a><\/p>\n<p><a class=\"et_pb_button et_pb_button_3 et_pb_bg_layout_dark\" href=\"http:\/\/www.fmposgrado.unam.mx\/educon\/oncologia.html\" target=\"_blank\" rel=\"noopener noreferrer\">Oncolog\u00eda<\/a><\/p>\n<p><a class=\"et_pb_button et_pb_button_3 et_pb_bg_layout_dark\" href=\"http:\/\/www.fmposgrado.unam.mx\/educon\/ortopedia.html\" target=\"_blank\" rel=\"noopener noreferrer\">Ortopedia<\/a><\/p>\n<p><a class=\"et_pb_button et_pb_button_3 et_pb_bg_layout_dark\" href=\"http:\/\/www.fmposgrado.unam.mx\/educon\/otorrino.html\" target=\"_blank\" rel=\"noopener noreferrer\">Otorrinolaringolog\u00eda<\/a><\/p>\n<p><a class=\"et_pb_button et_pb_button_3 et_pb_bg_layout_dark\" href=\"http:\/\/www.fmposgrado.unam.mx\/educon\/urgencias.html\" target=\"_blank\" rel=\"noopener noreferrer\">Urgencias<\/a><\/p>\n<p><a class=\"et_pb_button et_pb_button_3 et_pb_bg_layout_dark\" href=\"http:\/\/www.fmposgrado.unam.mx\/educon\/urologia.html\" target=\"_blank\" rel=\"noopener noreferrer\">Urolog\u00eda<\/a><\/p>\n<p>[\/et_pb_accordion_item][\/et_pb_accordion][\/et_pb_column_inner][\/et_pb_row_inner][et_pb_row_inner _builder_version=&#8221;4.4.2&#8243;][et_pb_column_inner saved_specialty_column_type=&#8221;1_2&#8243; _builder_version=&#8221;4.4.2&#8243;][et_pb_button button_url=&#8221;https:\/\/pieenso.org\/&#8221; url_new_window=&#8221;on&#8221; button_text=&#8221;PIEENSO Plataforma Interactiva para la Educaci\u00f3n en Salud (Fundaci\u00f3n Carlos Slim)&#8221; button_alignment=&#8221;center&#8221; _builder_version=&#8221;4.4.2&#8243; custom_button=&#8221;on&#8221; button_border_width=&#8221;3px&#8221; button_border_radius=&#8221;10px&#8221; button_font=&#8221;Montserrat||||||||&#8221; background_layout=&#8221;dark&#8221;][\/et_pb_button][\/et_pb_column_inner][\/et_pb_row_inner][\/et_pb_column][et_pb_column type=&#8221;1_2&#8243; _builder_version=&#8221;3.25&#8243; custom_padding=&#8221;|||&#8221; custom_padding__hover=&#8221;|||&#8221;][et_pb_image src=&#8221;https:\/\/meditic.facmed.unam.mx\/wp-content\/uploads\/2020\/04\/E20_0021.png&#8221; align_tablet=&#8221;center&#8221; align_phone=&#8221;&#8221; align_last_edited=&#8221;on|desktop&#8221; admin_label=&#8221;Illustration&#8221; _builder_version=&#8221;4.4.2&#8243; animation_style=&#8221;slide&#8221; animation_direction=&#8221;left&#8221; animation_intensity_slide=&#8221;10%&#8221; src__hover_enabled=&#8221;on|desktop&#8221;][\/et_pb_image][\/et_pb_column][\/et_pb_section][et_pb_section fb_built=&#8221;1&#8243; specialty=&#8221;on&#8221; admin_label=&#8221;Features&#8221; _builder_version=&#8221;4.4.2&#8243; background_color=&#8221;#70ad47&#8243;][et_pb_column type=&#8221;1_2&#8243; _builder_version=&#8221;3.25&#8243; custom_padding=&#8221;|||&#8221; custom_padding__hover=&#8221;|||&#8221;][et_pb_image src=&#8221;https:\/\/meditic.facmed.unam.mx\/wp-content\/uploads\/2020\/04\/x-ray-of-the-jaw-2416945_1920.png&#8221; force_fullwidth=&#8221;on&#8221; align_tablet=&#8221;center&#8221; align_phone=&#8221;&#8221; align_last_edited=&#8221;on|desktop&#8221; _builder_version=&#8221;4.4.2&#8243; animation_style=&#8221;slide&#8221; animation_direction=&#8221;right&#8221; animation_intensity_slide=&#8221;10%&#8221;][\/et_pb_image][\/et_pb_column][et_pb_column type=&#8221;1_2&#8243; specialty_columns=&#8221;2&#8243; _builder_version=&#8221;3.25&#8243; custom_padding=&#8221;|||&#8221; custom_padding__hover=&#8221;|||&#8221;][et_pb_row_inner _builder_version=&#8221;3.25&#8243;][et_pb_column_inner saved_specialty_column_type=&#8221;1_2&#8243; _builder_version=&#8221;3.25&#8243; custom_padding=&#8221;|||&#8221; custom_padding__hover=&#8221;|||&#8221;][et_pb_text _builder_version=&#8221;4.4.2&#8243; text_font=&#8221;||||||||&#8221; text_text_color=&#8221;#ffffff&#8221; text_font_size=&#8221;16px&#8221; text_line_height=&#8221;1.8em&#8221; header_font=&#8221;||||||||&#8221; header_2_font=&#8221;Poppins||||||||&#8221; header_2_text_color=&#8221;#ffffff&#8221; header_2_font_size=&#8221;32px&#8221; header_2_line_height=&#8221;1.4em&#8221; header_3_font=&#8221;||||||||&#8221; module_alignment=&#8221;center&#8221; link_option_url=&#8221;https:\/\/meditic.facmed.unam.mx\/index.php\/profesionales\/recursospro\/&#8221; link_option_url_new_window=&#8221;on&#8221;]<\/p>\n<h2>Recursos educativos<\/h2>\n<p>[\/et_pb_text][\/et_pb_column_inner][\/et_pb_row_inner][et_pb_row_inner _builder_version=&#8221;3.25&#8243;][et_pb_column_inner saved_specialty_column_type=&#8221;1_2&#8243; _builder_version=&#8221;3.25&#8243; custom_padding=&#8221;|||&#8221; custom_padding__hover=&#8221;|||&#8221;][et_pb_text _builder_version=&#8221;4.4.2&#8243; text_font=&#8221;||||||||&#8221; text_text_color=&#8221;#ffffff&#8221; header_font=&#8221;||||||||&#8221; header_4_font=&#8221;Poppins|600|||||||&#8221; header_4_text_color=&#8221;#ffffff&#8221; custom_padding=&#8221;||0px|||&#8221;]<\/p>\n<h4>Aprender de manera independiente<\/h4>\n<p>Encuentre recursos educativos para seguir aprendiendo de salud, ingl\u00e9s y cultura.<\/p>\n<p>[\/et_pb_text][\/et_pb_column_inner][\/et_pb_row_inner][et_pb_row_inner _builder_version=&#8221;4.4.2&#8243;][et_pb_column_inner saved_specialty_column_type=&#8221;1_2&#8243; _builder_version=&#8221;4.4.2&#8243;][et_pb_button button_url=&#8221;https:\/\/meditic.facmed.unam.mx\/index.php\/profesionales\/recursospro\/&#8221; url_new_window=&#8221;on&#8221; button_text=&#8221;Ver recursos&#8221; button_alignment=&#8221;center&#8221; _builder_version=&#8221;4.4.2&#8243; custom_button=&#8221;on&#8221; button_border_width=&#8221;3px&#8221; button_border_radius=&#8221;10px&#8221; button_font=&#8221;Montserrat||||||||&#8221; background_layout=&#8221;dark&#8221;][\/et_pb_button][\/et_pb_column_inner][\/et_pb_row_inner][\/et_pb_column][\/et_pb_section][et_pb_section fb_built=&#8221;1&#8243; specialty=&#8221;on&#8221; admin_label=&#8221;Features&#8221; _builder_version=&#8221;4.4.2&#8243; background_color=&#8221;#c8487c&#8221;][et_pb_column type=&#8221;1_2&#8243; specialty_columns=&#8221;2&#8243; _builder_version=&#8221;3.25&#8243; custom_padding=&#8221;|||&#8221; custom_padding__hover=&#8221;|||&#8221;][et_pb_row_inner _builder_version=&#8221;3.25&#8243;][et_pb_column_inner saved_specialty_column_type=&#8221;1_2&#8243; _builder_version=&#8221;3.25&#8243; custom_padding=&#8221;|||&#8221; custom_padding__hover=&#8221;|||&#8221;][et_pb_text _builder_version=&#8221;4.4.2&#8243; text_font=&#8221;||||||||&#8221; text_text_color=&#8221;#ffffff&#8221; text_font_size=&#8221;16px&#8221; text_line_height=&#8221;1.8em&#8221; header_font=&#8221;||||||||&#8221; header_2_font=&#8221;Poppins||||||||&#8221; header_2_text_color=&#8221;#ffffff&#8221; header_2_font_size=&#8221;32px&#8221; header_2_line_height=&#8221;1.4em&#8221; header_3_font=&#8221;||||||||&#8221; module_alignment=&#8221;center&#8221;]<\/p>\n<h2>Mant\u00e9ngase informado<\/h2>\n<p>[\/et_pb_text][\/et_pb_column_inner][\/et_pb_row_inner][et_pb_row_inner column_structure=&#8221;1_2,1_2&#8243; _builder_version=&#8221;3.25&#8243;][et_pb_column_inner type=&#8221;1_2&#8243; saved_specialty_column_type=&#8221;1_2&#8243; _builder_version=&#8221;3.25&#8243; custom_padding=&#8221;|||&#8221; custom_padding__hover=&#8221;|||&#8221;][et_pb_text _builder_version=&#8221;4.4.2&#8243; text_text_color=&#8221;#ffffff&#8221; header_4_font=&#8221;Poppins||||||||&#8221; header_4_text_color=&#8221;#ffffff&#8221;]<\/p>\n<h4>Gaceta de la Facultad de Medicina<\/h4>\n<p>Conozca las actividades acad\u00e9micas, cient\u00edficas, culturales, deportivas y recreativas de la Facultad de Medicina.<\/p>\n<p>[\/et_pb_text][\/et_pb_column_inner][et_pb_column_inner type=&#8221;1_2&#8243; saved_specialty_column_type=&#8221;1_2&#8243; _builder_version=&#8221;3.25&#8243; custom_padding=&#8221;|||&#8221; custom_padding__hover=&#8221;|||&#8221;][et_pb_text _builder_version=&#8221;4.4.2&#8243; text_text_color=&#8221;#ffffff&#8221; header_4_font=&#8221;Poppins||||||||&#8221; header_4_text_color=&#8221;#ffffff&#8221;]<\/p>\n<h4>M\u00e1s Salud Radio<\/h4>\n<p>Escuche entrevistas con especialistas m\u00e9dicos e investigadores que proporcionan informaci\u00f3n acerca de diversos temas relevantes. <\/p>\n<p>Jueves de 12:00 h a 13:00 h.<\/p>\n<p>[\/et_pb_text][\/et_pb_column_inner][\/et_pb_row_inner][et_pb_row_inner column_structure=&#8221;1_2,1_2&#8243; _builder_version=&#8221;3.25&#8243;][et_pb_column_inner type=&#8221;1_2&#8243; saved_specialty_column_type=&#8221;1_2&#8243; _builder_version=&#8221;3.25&#8243; custom_padding=&#8221;|||&#8221; custom_padding__hover=&#8221;|||&#8221;][et_pb_button button_url=&#8221;http:\/\/gaceta.facmed.unam.mx\/&#8221; url_new_window=&#8221;on&#8221; button_text=&#8221;Ver Gaceta&#8221; button_alignment=&#8221;center&#8221; _builder_version=&#8221;4.4.2&#8243; custom_button=&#8221;on&#8221; button_border_width=&#8221;3px&#8221; button_border_radius=&#8221;10px&#8221; button_font=&#8221;Montserrat||||||||&#8221; background_layout=&#8221;dark&#8221;][\/et_pb_button][\/et_pb_column_inner][et_pb_column_inner type=&#8221;1_2&#8243; saved_specialty_column_type=&#8221;1_2&#8243; _builder_version=&#8221;3.25&#8243; custom_padding=&#8221;|||&#8221; custom_padding__hover=&#8221;|||&#8221;][et_pb_button button_url=&#8221;http:\/\/www.radio.unam.mx\/programa_unam\/mas-salud-facmed\/&#8221; url_new_window=&#8221;on&#8221; button_text=&#8221;En vivo&#8221; button_alignment=&#8221;center&#8221; _builder_version=&#8221;4.4.2&#8243; custom_button=&#8221;on&#8221; button_border_width=&#8221;3px&#8221; button_border_radius=&#8221;10px&#8221; button_font=&#8221;Montserrat||||||||&#8221; background_layout=&#8221;dark&#8221;][\/et_pb_button][et_pb_button button_url=&#8221;http:\/\/www.radiopodcast.unam.mx\/podcast\/verserie\/284&#8243; url_new_window=&#8221;on&#8221; button_text=&#8221;Programas anteriores&#8221; button_alignment=&#8221;center&#8221; _builder_version=&#8221;4.4.2&#8243; custom_button=&#8221;on&#8221; button_border_width=&#8221;3px&#8221; button_border_radius=&#8221;10px&#8221; button_font=&#8221;Montserrat||||||||&#8221; background_layout=&#8221;dark&#8221;][\/et_pb_button][\/et_pb_column_inner][\/et_pb_row_inner][\/et_pb_column][et_pb_column type=&#8221;1_2&#8243; _builder_version=&#8221;3.25&#8243; custom_padding=&#8221;|||&#8221; custom_padding__hover=&#8221;|||&#8221;][et_pb_image src=&#8221;https:\/\/meditic.facmed.unam.mx\/wp-content\/uploads\/2020\/04\/x-ray-of-the-jaw-2416944_1920.png&#8221; align_tablet=&#8221;center&#8221; align_phone=&#8221;&#8221; align_last_edited=&#8221;on|desktop&#8221; admin_label=&#8221;Illustration&#8221; _builder_version=&#8221;4.4.2&#8243; animation_style=&#8221;slide&#8221; animation_direction=&#8221;left&#8221; animation_intensity_slide=&#8221;10%&#8221;][\/et_pb_image][\/et_pb_column][\/et_pb_section]<\/p>\n","protected":false},"excerpt":{"rendered":"<p>Profesionalesde la saludEducaci\u00f3n continuaOferta educativa En este espacio encontrar\u00e1 algunas opciones de cursos y diplomados para continuar su formaci\u00f3n.Cardiolog\u00eda Gen\u00e9tica Ginecolog\u00eda y Obstetricia Infectolog\u00eda Oncolog\u00eda Ortopedia Otorrinolaringolog\u00eda Urgencias Urolog\u00eda Recursos educativosAprender de manera independiente Encuentre recursos educativos para seguir aprendiendo de salud, ingl\u00e9s y cultura.Mant\u00e9ngase informadoGaceta de la Facultad de Medicina Conozca las actividades acad\u00e9micas, [&hellip;]<\/p>\n","protected":false},"author":1,"featured_media":0,"parent":0,"menu_order":0,"comment_status":"closed","ping_status":"closed","template":"","meta":{"_et_pb_use_builder":"on","_et_pb_old_content":"","_et_gb_content_width":"","footnotes":""},"_links":{"self":[{"href":"https:\/\/meditic.facmed.unam.mx\/index.php\/wp-json\/wp\/v2\/pages\/110"}],"collection":[{"href":"https:\/\/meditic.facmed.unam.mx\/index.php\/wp-json\/wp\/v2\/pages"}],"about":[{"href":"https:\/\/meditic.facmed.unam.mx\/index.php\/wp-json\/wp\/v2\/types\/page"}],"author":[{"embeddable":true,"href":"https:\/\/meditic.facmed.unam.mx\/index.php\/wp-json\/wp\/v2\/users\/1"}],"replies":[{"embeddable":true,"href":"https:\/\/meditic.facmed.unam.mx\/index.php\/wp-json\/wp\/v2\/comments?post=110"}],"version-history":[{"count":46,"href":"https:\/\/meditic.facmed.unam.mx\/index.php\/wp-json\/wp\/v2\/pages\/110\/revisions"}],"predecessor-version":[{"id":6821,"href":"https:\/\/meditic.facmed.unam.mx\/index.php\/wp-json\/wp\/v2\/pages\/110\/revisions\/6821"}],"wp:attachment":[{"href":"https:\/\/meditic.facmed.unam.mx\/index.php\/wp-json\/wp\/v2\/media?parent=110"}],"curies":[{"name":"wp","href":"https:\/\/api.w.org\/{rel}","templated":true}]}}