{"id":1423,"date":"2020-04-05T01:40:10","date_gmt":"2020-04-05T01:40:10","guid":{"rendered":"https:\/\/meditic.facmed.unam.mx\/?page_id=1423"},"modified":"2020-11-26T20:27:35","modified_gmt":"2020-11-26T20:27:35","slug":"recursoslicac","status":"publish","type":"page","link":"https:\/\/meditic.facmed.unam.mx\/index.php\/academicos\/recursoslicac\/","title":{"rendered":"Recursos de las licenciaturas"},"content":{"rendered":"<p>[et_pb_section fb_built=&#8221;1&#8243; _builder_version=&#8221;4.4.2&#8243; background_color=&#8221;#3d9974&#8243; custom_margin=&#8221;||||false|false&#8221; custom_padding=&#8221;30px||30px||false|false&#8221;][et_pb_row _builder_version=&#8221;4.4.2&#8243;][et_pb_column type=&#8221;4_4&#8243; _builder_version=&#8221;4.4.2&#8243;][et_pb_text _builder_version=&#8221;4.4.2&#8243; header_font=&#8221;Montserrat||||||||&#8221; header_text_align=&#8221;center&#8221; header_text_color=&#8221;#ffffff&#8221; header_font_size=&#8221;40px&#8221; header_2_font=&#8221;Montserrat||||||||&#8221; header_2_text_align=&#8221;center&#8221;]<\/p>\n<h1>Recursos de las licenciaturas por \u00e1rea acad\u00e9mica <\/h1>\n<p>[\/et_pb_text][\/et_pb_column][\/et_pb_row][\/et_pb_section][et_pb_section fb_built=&#8221;1&#8243; specialty=&#8221;on&#8221; background_repeat_1=&#8221;no-repeat&#8221; _builder_version=&#8221;4.4.2&#8243; background_color=&#8221;#005b3d&#8221; custom_padding=&#8221;0px||0px||false|false&#8221;][et_pb_column type=&#8221;1_4&#8243; _builder_version=&#8221;3.25&#8243; custom_padding=&#8221;|||&#8221; custom_padding__hover=&#8221;|||&#8221;][et_pb_image src=&#8221;https:\/\/meditic.facmed.unam.mx\/wp-content\/uploads\/2020\/04\/pontelin01.png&#8221; force_fullwidth=&#8221;on&#8221; _builder_version=&#8221;4.4.2&#8243;][\/et_pb_image][\/et_pb_column][et_pb_column type=&#8221;3_4&#8243; specialty_columns=&#8221;3&#8243; _builder_version=&#8221;3.25&#8243; custom_padding=&#8221;|||&#8221; custom_padding__hover=&#8221;|||&#8221;][et_pb_row_inner _builder_version=&#8221;4.4.2&#8243;][et_pb_column_inner saved_specialty_column_type=&#8221;3_4&#8243; _builder_version=&#8221;4.4.2&#8243;][et_pb_text _builder_version=&#8221;4.4.2&#8243; header_font=&#8221;Montserrat||||||||&#8221; header_text_align=&#8221;center&#8221; header_text_color=&#8221;#ffffff&#8221;]<\/p>\n<h1>Ponte en l\u00edne@<\/h1>\n<p>[\/et_pb_text][\/et_pb_column_inner][\/et_pb_row_inner][et_pb_row_inner _builder_version=&#8221;4.4.2&#8243; custom_padding=&#8221;0px||||false|false&#8221;][et_pb_column_inner saved_specialty_column_type=&#8221;3_4&#8243; _builder_version=&#8221;4.4.2&#8243;][et_pb_text _builder_version=&#8221;4.4.2&#8243; text_text_color=&#8221;#ffffff&#8221; text_orientation=&#8221;justified&#8221;]<\/p>\n<p>Recursos para reforzar el aprendizaje de las asignaturas mediante UAPA que han sido dise\u00f1adas por las profesoras y profesores de la Facultad de Medicina.<\/p>\n<p>[\/et_pb_text][et_pb_button button_url=&#8221;http:\/\/ponteenlinea.facmed.unam.mx\/&#8221; url_new_window=&#8221;on&#8221; button_text=&#8221;Ir al sitio&#8221; button_alignment=&#8221;center&#8221; _builder_version=&#8221;4.4.2&#8243; custom_button=&#8221;on&#8221; button_text_size=&#8221;25px&#8221; button_border_width=&#8221;0px&#8221; button_border_radius=&#8221;10px&#8221; button_font=&#8221;Montserrat||||||||&#8221; button_icon=&#8221;%%36%%&#8221; button_icon_placement=&#8221;left&#8221; button_on_hover=&#8221;off&#8221; background_layout=&#8221;dark&#8221; custom_margin=&#8221;||0px||false|false&#8221;][\/et_pb_button][\/et_pb_column_inner][\/et_pb_row_inner][\/et_pb_column][\/et_pb_section][et_pb_section fb_built=&#8221;1&#8243; specialty=&#8221;on&#8221; _builder_version=&#8221;4.4.2&#8243; background_color=&#8221;#3d9974&#8243; custom_padding=&#8221;0px||0px||false|false&#8221;][et_pb_column type=&#8221;3_4&#8243; specialty_columns=&#8221;3&#8243; _builder_version=&#8221;3.25&#8243; custom_padding=&#8221;|||&#8221; custom_padding__hover=&#8221;|||&#8221;][et_pb_row_inner _builder_version=&#8221;4.4.2&#8243; custom_padding=&#8221;||0px||false|false&#8221;][et_pb_column_inner saved_specialty_column_type=&#8221;3_4&#8243; _builder_version=&#8221;4.4.2&#8243;][et_pb_text _builder_version=&#8221;4.4.2&#8243; header_3_text_color=&#8221;#ffffff&#8221; custom_margin=&#8221;||0px||false|false&#8221;]<\/p>\n<h3>Licenciatura de M\u00e9dico Cirujano<\/h3>\n<p>[\/et_pb_text][\/et_pb_column_inner][\/et_pb_row_inner][et_pb_row_inner column_structure=&#8221;1_2,1_2&#8243; _builder_version=&#8221;4.4.2&#8243;][et_pb_column_inner type=&#8221;1_2&#8243; saved_specialty_column_type=&#8221;3_4&#8243; _builder_version=&#8221;4.4.2&#8243;][et_pb_accordion open_toggle_text_color=&#8221;#ffffff&#8221; open_toggle_background_color=&#8221;#005b3d&#8221; closed_toggle_background_color=&#8221;#005b3d&#8221; icon_color=&#8221;#ffffff&#8221; _builder_version=&#8221;4.4.2&#8243; toggle_text_color=&#8221;#ffffff&#8221; toggle_level=&#8221;h4&#8243; toggle_font=&#8221;Montserrat|600|||||||&#8221; body_text_color=&#8221;#ffffff&#8221; body_font_size=&#8221;16px&#8221; border_radii=&#8221;on|10px|10px|10px|10px&#8221; border_width_all=&#8221;0px&#8221;][et_pb_accordion_item title=&#8221;oculto&#8221; open=&#8221;on&#8221; _builder_version=&#8221;4.4.2&#8243; custom_css_main_element=&#8221;display:none;&#8221;]<\/p>\n<p>Your content goes here. Edit or remove this text inline or in the module Content settings. You can also style every aspect of this content in the module Design settings and even apply custom CSS to this text in the module Advanced settings.<\/p>\n<p>[\/et_pb_accordion_item][et_pb_accordion_item title=&#8221;Anatom\u00eda&#8221; _builder_version=&#8221;4.4.2&#8243; open=&#8221;off&#8221;]<\/p>\n<p><a href=\"http:\/\/anatomia.facmed.unam.mx\/index.php\/aula-virtual\/\" target=\"_blank\" rel=\"noopener noreferrer\">Aula virtual<\/a><\/p>\n<p><a href=\"http:\/\/anatomia.facmed.unam.mx\/\" target=\"_blank\" rel=\"noopener noreferrer\">P\u00e1gina del Departamento<\/a><\/p>\n<p>[\/et_pb_accordion_item][et_pb_accordion_item title=&#8221;Biolog\u00eda Celular y Tisular&#8221; _builder_version=&#8221;4.4.2&#8243; open=&#8221;off&#8221;]<\/p>\n<p><a href=\"https:\/\/www.youtube.com\/channel\/UCzvy0n6utM4fTVakdTT9adg\/playlists\" target=\"_blank\" rel=\"noopener noreferrer\">Histoflicks (videos)<\/a><\/p>\n<p><a href=\"http:\/\/bct.facmed.unam.mx\/index.php\/cordinaciones\/cordinacion-de-ensenaza\/aula-virtual-de-biologia-celular-y-tisular\/\" target=\"_blank\" rel=\"noopener noreferrer\">Aula virtual<\/a><\/p>\n<p><a href=\"http:\/\/www.facmed.unam.mx\/deptos\/biocetis\/atlas2013A\/\" target=\"_blank\" rel=\"noopener noreferrer\">Atlas digital<\/a><\/p>\n<p><a href=\"https:\/\/www.facebook.com\/groups\/723771941360675\/?ref=group_header\" target=\"_blank\" rel=\"noopener noreferrer\">Asesor\u00eda por Facebook<\/a><\/p>\n<p><a href=\"http:\/\/bct.facmed.unam.mx\/index.php\/recursos\/\" target=\"_blank\" rel=\"noopener noreferrer\">Recursos educativos<\/a><\/p>\n<p><a href=\"http:\/\/bct.facmed.unam.mx\/\" target=\"_blank\" rel=\"noopener noreferrer\">P\u00e1gina del Departamento<\/a><\/p>\n<p>[\/et_pb_accordion_item][et_pb_accordion_item title=&#8221;Bioqu\u00edmica&#8221; _builder_version=&#8221;4.4.2&#8243; open=&#8221;off&#8221;]<\/p>\n<p><a href=\"http:\/\/inmuno.facmed.unam.mx\/\" target=\"_blank\" rel=\"noopener noreferrer\">Aula virtual de Inmunolog\u00eda<\/a><\/p>\n<p><a href=\"https:\/\/inmuno.wixsite.com\/inmunofacmed\/monografias\" target=\"_blank\" rel=\"noopener noreferrer\">Material de Inmunolog\u00eda<\/a><\/p>\n<p><a href=\"https:\/\/www.pinterest.com.mx\/inmunofacmed\/\" target=\"_blank\" rel=\"noopener noreferrer\">Infograf\u00edas de Inmunolog\u00eda<\/a><\/p>\n<p><a href=\"https:\/\/www.youtube.com\/channel\/UCLKIW1i3DbUaXFN3bTTtkiA\" target=\"_blank\" rel=\"noopener noreferrer\">Videos de Inmunolog\u00eda<\/a><\/p>\n<p><a href=\"http:\/\/bq.facmed.unam.mx\/\" target=\"_blank\" rel=\"noopener noreferrer\">P\u00e1gina del Departamento<\/a><\/p>\n<p>[\/et_pb_accordion_item][et_pb_accordion_item title=&#8221;Cirug\u00eda&#8221; _builder_version=&#8221;4.4.2&#8243; open=&#8221;off&#8221;]<a href=\"http:\/\/ib.facmed.unam.mx\/cirugia\/aulavirtual\/login\/index.php\" target=\"_blank\" rel=\"noopener noreferrer\">Aula virtual<\/a><\/p>\n<p><a href=\"http:\/\/cirugia.facmed.unam.mx\/index.php\/alumnos-y-profesores-ver-2\/\" target=\"_blank\" rel=\"noopener noreferrer\">Material<\/a><\/p>\n<p><a href=\"http:\/\/cirugia.facmed.unam.mx\/\" target=\"_blank\" rel=\"noopener noreferrer\">P\u00e1gina del Departamento<\/a>[\/et_pb_accordion_item][et_pb_accordion_item title=&#8221;Embriolog\u00eda y Gen\u00e9tica&#8221; _builder_version=&#8221;4.4.2&#8243; open=&#8221;off&#8221;]<\/p>\n<p><a href=\"https:\/\/www.youtube.com\/channel\/UCMQvWwh0DH6XpMf33z94Nrg\" target=\"_blank\" rel=\"noopener noreferrer\">Videos<\/a><\/p>\n<p><a href=\"http:\/\/embriologia.facmed.unam.mx\/\" target=\"_blank\" rel=\"noopener noreferrer\">P\u00e1gina del Departamento<\/a><\/p>\n<p>[\/et_pb_accordion_item][et_pb_accordion_item title=&#8221;Farmacolog\u00eda&#8221; _builder_version=&#8221;4.4.2&#8243; open=&#8221;off&#8221;]<\/p>\n<p><a href=\"http:\/\/farma.facmed.unam.mx\/wp\/?page_id=370\" target=\"_blank\" rel=\"noopener noreferrer\">Aula virtual<\/a><\/p>\n<p><a href=\"http:\/\/farma.facmed.unam.mx\/wp\/\" target=\"_blank\" rel=\"noopener noreferrer\">P\u00e1gina del Departamento<\/a><\/p>\n<p>[\/et_pb_accordion_item][et_pb_accordion_item title=&#8221;Fisiolog\u00eda&#8221; _builder_version=&#8221;4.4.2&#8243; open=&#8221;off&#8221;]<\/p>\n<p><a href=\"https:\/\/www.youtube.com\/channel\/UC-5xCT-dgxSfRIN9A5bCf2Q\/featured\" target=\"_blank\" rel=\"noopener noreferrer\">Videos<\/a><\/p>\n<p><a href=\"http:\/\/fisiologia.facmed.unam.mx\/\" target=\"_blank\" rel=\"noopener noreferrer\">P\u00e1gina del Departamento<\/a><\/p>\n<p>[\/et_pb_accordion_item][et_pb_accordion_item title=&#8221;Historia y Filosof\u00eda de la Medicina&#8221; _builder_version=&#8221;4.4.2&#8243; open=&#8221;off&#8221;]<\/p>\n<p><a href=\"http:\/\/hfm.facmed.unam.mx\/\" target=\"_blank\" rel=\"noopener noreferrer\">P\u00e1gina del Departamento<\/a><\/p>\n<p>[\/et_pb_accordion_item][\/et_pb_accordion][\/et_pb_column_inner][et_pb_column_inner type=&#8221;1_2&#8243; saved_specialty_column_type=&#8221;3_4&#8243; _builder_version=&#8221;4.4.2&#8243;][et_pb_accordion open_toggle_text_color=&#8221;#ffffff&#8221; open_toggle_background_color=&#8221;#005b3d&#8221; closed_toggle_background_color=&#8221;#005b3d&#8221; icon_color=&#8221;#ffffff&#8221; _builder_version=&#8221;4.4.2&#8243; toggle_text_color=&#8221;#ffffff&#8221; toggle_level=&#8221;h4&#8243; toggle_font=&#8221;Montserrat|600|||||||&#8221; body_text_color=&#8221;#ffffff&#8221; body_font_size=&#8221;16px&#8221; border_radii=&#8221;on|10px|10px|10px|10px&#8221; border_width_all=&#8221;0px&#8221;][et_pb_accordion_item title=&#8221;oculto&#8221; open=&#8221;on&#8221; _builder_version=&#8221;4.4.2&#8243; custom_css_main_element=&#8221;display:none;&#8221;]<\/p>\n<p>Your content goes here. Edit or remove this text inline or in the module Content settings. You can also style every aspect of this content in the module Design settings and even apply custom CSS to this text in the module Advanced settings.<\/p>\n<p>[\/et_pb_accordion_item][et_pb_accordion_item title=&#8221;Inform\u00e1tica Biom\u00e9dica&#8221; _builder_version=&#8221;4.4.2&#8243; open=&#8221;off&#8221;]<\/p>\n<p><a href=\"http:\/\/ib.facmed.unam.mx\/catalogo\/\" target=\"_blank\" rel=\"noopener noreferrer\">Con\u00e9ctate con IB<\/a><\/p>\n<p><a href=\"http:\/\/ib.facmed.unam.mx\/aulavirtual\/\" target=\"_blank\" rel=\"noopener noreferrer\">Aula virtual<\/a><\/p>\n<p><a href=\"http:\/\/ib.facmed.unam.mx\/nueva_ib\/\" target=\"_blank\" rel=\"noopener noreferrer\">P\u00e1gina del Departamento<\/a><\/p>\n<p>[\/et_pb_accordion_item][et_pb_accordion_item title=&#8221;Innovaci\u00f3n en Material Biol\u00f3gico Humano&#8221; _builder_version=&#8221;4.4.2&#8243; open=&#8221;off&#8221;]<\/p>\n<p><a href=\"http:\/\/innovacion.facmed.unam.mx\/?page_id=474\" target=\"_blank\" rel=\"noopener noreferrer\">Modelos anat\u00f3micos 3D<\/a><\/p>\n<p><a href=\"http:\/\/innovacion.facmed.unam.mx\/\" target=\"_blank\" rel=\"noopener noreferrer\">P\u00e1gina del Departamento<\/a><\/p>\n<p>[\/et_pb_accordion_item][et_pb_accordion_item title=&#8221;Integraci\u00f3n de Ciencias M\u00e9dicas&#8221; _builder_version=&#8221;4.4.2&#8243; open=&#8221;off&#8221;]<\/p>\n<p><a href=\"http:\/\/fmel.facmed.unam.mx\/29\/moodle\/login\/index.php\" target=\"_blank\" rel=\"noopener noreferrer\">Aula virtual<\/a><\/p>\n<p><a href=\"https:\/\/www.youtube.com\/channel\/UCRqeKBjY1Te1DXgJ4TAgIuw\" target=\"_blank\" rel=\"noopener noreferrer\">Videos<\/a><\/p>\n<p><a href=\"http:\/\/dicim.facmed.unam.mx\/\" target=\"_blank\" rel=\"noopener noreferrer\">P\u00e1gina del Departamento<\/a><\/p>\n<p>[\/et_pb_accordion_item][et_pb_accordion_item title=&#8221;Microbiolog\u00eda y Parasitolog\u00eda&#8221; _builder_version=&#8221;4.4.2&#8243; open=&#8221;off&#8221;]<\/p>\n<p><a href=\"http:\/\/ru.facmed.unam.mx\/jspui\/\" target=\"_blank\" rel=\"noopener noreferrer\">Repositorio Universitario de la Facultad de Medicina<\/a><\/p>\n<p><a href=\"http:\/\/microypara.facmed.unam.mx\/\" target=\"_blank\" rel=\"noopener noreferrer\">P\u00e1gina del Departamento<\/a><\/p>\n<p>[\/et_pb_accordion_item][et_pb_accordion_item title=&#8221;Psiquiatr\u00eda y Salud Mental&#8221; _builder_version=&#8221;4.4.2&#8243; open=&#8221;off&#8221;]<\/p>\n<p><a href=\"http:\/\/psiquiatria.facmed.unam.mx\/sm.html\" target=\"_blank\" rel=\"noopener noreferrer\">Material<\/a><\/p>\n<p><a href=\"http:\/\/psiquiatria.facmed.unam.mx\/\" target=\"_blank\" rel=\"noopener noreferrer\">P\u00e1gina del Departamento<\/a><\/p>\n<p>[\/et_pb_accordion_item][et_pb_accordion_item title=&#8221;Salud P\u00fablica&#8221; _builder_version=&#8221;4.4.2&#8243; open=&#8221;off&#8221;]<\/p>\n<p><a href=\"#\" class=\"popmake-modelosir\" rel=\"noopener noreferrer\">Modelo SIR. Para entender la din\u00e1mica de la epidemia COVID-19<\/a><\/p>\n<p><a href=\"http:\/\/dsp.facmed.unam.mx\/\" target=\"_blank\" rel=\"noopener noreferrer\">P\u00e1gina del Departamento<\/a><\/p>\n<p>[\/et_pb_accordion_item][\/et_pb_accordion][\/et_pb_column_inner][\/et_pb_row_inner][et_pb_row_inner _builder_version=&#8221;4.4.2&#8243;][et_pb_column_inner saved_specialty_column_type=&#8221;3_4&#8243; _builder_version=&#8221;4.4.2&#8243;][et_pb_text _builder_version=&#8221;4.4.2&#8243; header_3_text_color=&#8221;#ffffff&#8221; custom_margin=&#8221;||0px||false|false&#8221;]<\/p>\n<h3>Investigaci\u00f3n Biom\u00e9dica B\u00e1sica<\/h3>\n<p>[\/et_pb_text][et_pb_text _builder_version=&#8221;4.4.2&#8243; text_font_size=&#8221;18px&#8221;]<\/p>\n<p><a href=\"https:\/\/www.biomedicas.unam.mx\/oferta-educativa\/licenciatura\/\" target=\"_blank\" style=\"color:white;\" rel=\"noopener noreferrer\">P\u00e1gina de la licenciatura <\/a><\/p>\n<p>[\/et_pb_text][\/et_pb_column_inner][\/et_pb_row_inner][et_pb_row_inner _builder_version=&#8221;4.4.2&#8243;][et_pb_column_inner saved_specialty_column_type=&#8221;3_4&#8243; _builder_version=&#8221;4.4.2&#8243;][et_pb_text _builder_version=&#8221;4.4.2&#8243; header_3_text_color=&#8221;#ffffff&#8221; custom_margin=&#8221;||0px||false|false&#8221;]<\/p>\n<h3>Plan de Estudios Combinados en Medicina<\/h3>\n<p>[\/et_pb_text][et_pb_text _builder_version=&#8221;4.4.2&#8243; text_font_size=&#8221;18px&#8221;]<\/p>\n<p><a href=\"http:\/\/pecem.facmed.unam.mx\/index.php\" target=\"_blank\" style=\"color:white;\" rel=\"noopener noreferrer\">P\u00e1gina del PECEM<\/a><\/p>\n<p>[\/et_pb_text][\/et_pb_column_inner][\/et_pb_row_inner][et_pb_row_inner _builder_version=&#8221;4.4.2&#8243;][et_pb_column_inner saved_specialty_column_type=&#8221;3_4&#8243; _builder_version=&#8221;4.4.2&#8243;][et_pb_text _builder_version=&#8221;4.4.2&#8243; header_3_text_color=&#8221;#ffffff&#8221; custom_margin=&#8221;||0px||false|false&#8221;]<\/p>\n<h3>Fisioterapia<\/h3>\n<p>[\/et_pb_text][et_pb_text _builder_version=&#8221;4.4.2&#8243; text_font_size=&#8221;18px&#8221;]<\/p>\n<p><a href=\"http:\/\/fisioterapia.facmed.unam.mx\/\" target=\"_blank\" style=\"color:white;\" rel=\"noopener noreferrer\">P\u00e1gina de la licenciatura<\/a><\/p>\n<p>[\/et_pb_text][et_pb_accordion open_toggle_text_color=&#8221;#ffffff&#8221; open_toggle_background_color=&#8221;#005b3d&#8221; closed_toggle_text_color=&#8221;#ffffff&#8221; closed_toggle_background_color=&#8221;#005b3d&#8221; icon_color=&#8221;#ffffff&#8221; _builder_version=&#8221;4.4.2&#8243; toggle_text_color=&#8221;#ffffff&#8221; body_text_color=&#8221;#ffffff&#8221; border_radii=&#8221;on|10px|10px|10px|10px&#8221; border_width_all=&#8221;0px&#8221;][et_pb_accordion_item title=&#8221;Oculto&#8221; open=&#8221;on&#8221; _builder_version=&#8221;4.4.2&#8243; custom_css_main_element=&#8221;display: none;&#8221;]<\/p>\n<p>contenido oculto<\/p>\n<p>[\/et_pb_accordion_item][et_pb_accordion_item title=&#8221;Unidad de Investigaci\u00f3n en Fisioterapia&#8221; open_toggle_text_color=&#8221;#ffffff&#8221; closed_toggle_text_color=&#8221;#ffffff&#8221; _builder_version=&#8221;4.4.2&#8243; body_text_color=&#8221;#ffffff&#8221; toggle_text_color=&#8221;#ffffff&#8221; open=&#8221;off&#8221;]<\/p>\n<p style=\"color: white;\"><a href=\"https:\/\/meditic.facmed.unam.mx\/wp-content\/uploads\/2020\/05\/protocolo_fisioterapia.pdf\" target=\"_blank\" rel=\"noopener noreferrer\"><strong>Protocolo de investigaci\u00f3n<\/strong><\/a><\/p>\n<p>Recurso de apoyo para la elaboraci\u00f3n de un protocolo de investigaci\u00f3n, el cual es el primer paso para la generaci\u00f3n de conocimiento.<\/p>\n<p style=\"color: white;\"><a href=\"#\" target=\"_blank\" rel=\"noopener noreferrer\" class=\"popmake-invfisioter\"><strong>\u00bfC\u00f3mo realizar una b\u00fasqueda de la literatura cient\u00edfica?<\/strong><\/a><\/p>\n<p>Tutorial acerca de la b\u00fasqueda efectiva de informaci\u00f3n cient\u00edfica que se requiere para adquirir mayor conocimiento en el \u00e1rea y posteriormente promover su difusi\u00f3n.<\/p>\n<p><a href=\"#\" target=\"_blank\" rel=\"noopener noreferrer\" class=\"popmake-invfisioter\"><strong><\/strong><\/a><strong><a href=\"https:\/\/meditic.facmed.unam.mx\/wp-content\/uploads\/2020\/09\/fisioterapia_una_ciencia.pdf\" target=\"_blank\" rel=\"noopener noreferrer\">Fisioterapia\u00a0una disciplina cient\u00edfica <\/a><\/strong><\/p>\n<p>El siguiente material tiene como objetivo dar a conocer a los criterios que catalogan a la\u00a0Fisioterapia\u00a0como una disciplina cient\u00edfica.<\/p>\n<p>&nbsp;<\/p>\n<p>&nbsp;<\/p>\n<p>[\/et_pb_accordion_item][\/et_pb_accordion][\/et_pb_column_inner][\/et_pb_row_inner][et_pb_row_inner _builder_version=&#8221;4.4.2&#8243;][et_pb_column_inner saved_specialty_column_type=&#8221;3_4&#8243; _builder_version=&#8221;4.4.2&#8243;][et_pb_text _builder_version=&#8221;4.4.2&#8243; header_3_text_color=&#8221;#ffffff&#8221; custom_margin=&#8221;||0px||false|false&#8221;]<\/p>\n<h3>Ciencia Forense<\/h3>\n<p>[\/et_pb_text][et_pb_text _builder_version=&#8221;4.4.2&#8243; text_font_size=&#8221;18px&#8221;]<\/p>\n<p><a href=\"http:\/\/www.cienciaforense.facmed.unam.mx\/\" target=\"_blank\" style=\"color:white;\" rel=\"noopener noreferrer\">P\u00e1gina de la licenciatura<\/a><\/p>\n<p>[\/et_pb_text][\/et_pb_column_inner][\/et_pb_row_inner][et_pb_row_inner _builder_version=&#8221;4.4.2&#8243;][et_pb_column_inner saved_specialty_column_type=&#8221;3_4&#8243; _builder_version=&#8221;4.4.2&#8243;][et_pb_text _builder_version=&#8221;4.4.2&#8243; header_3_text_color=&#8221;#ffffff&#8221; custom_margin=&#8221;||0px||false|false&#8221;]<\/p>\n<h3>Neurociencias<\/h3>\n<p>[\/et_pb_text][et_pb_text _builder_version=&#8221;4.4.2&#8243; text_font_size=&#8221;18px&#8221;]<\/p>\n<p><a href=\"http:\/\/neurociencias.facmed.unam.mx\/\" target=\"_blank\" style=\"color:white;\" rel=\"noopener noreferrer\">P\u00e1gina de la licenciatura<\/a><\/p>\n<p>[\/et_pb_text][\/et_pb_column_inner][\/et_pb_row_inner][\/et_pb_column][et_pb_column type=&#8221;1_4&#8243; _builder_version=&#8221;3.25&#8243; custom_padding=&#8221;|||&#8221; custom_padding__hover=&#8221;|||&#8221;][et_pb_image src=&#8221;https:\/\/meditic.facmed.unam.mx\/wp-content\/uploads\/2020\/04\/Dra.Margarita-Cabrera.jpg&#8221; _builder_version=&#8221;4.4.2&#8243;][\/et_pb_image][\/et_pb_column][\/et_pb_section]<\/p>\n","protected":false},"excerpt":{"rendered":"<p>Recursos de las licenciaturas por \u00e1rea acad\u00e9mica Ponte en l\u00edne@Recursos para reforzar el aprendizaje de las asignaturas mediante UAPA que han sido dise\u00f1adas por las profesoras y profesores de la Facultad de Medicina.Licenciatura de M\u00e9dico CirujanoYour content goes here. Edit or remove this text inline or in the module Content settings. You can also style [&hellip;]<\/p>\n","protected":false},"author":1,"featured_media":0,"parent":107,"menu_order":0,"comment_status":"closed","ping_status":"closed","template":"","meta":{"_et_pb_use_builder":"on","_et_pb_old_content":"","_et_gb_content_width":"","footnotes":""},"_links":{"self":[{"href":"https:\/\/meditic.facmed.unam.mx\/index.php\/wp-json\/wp\/v2\/pages\/1423"}],"collection":[{"href":"https:\/\/meditic.facmed.unam.mx\/index.php\/wp-json\/wp\/v2\/pages"}],"about":[{"href":"https:\/\/meditic.facmed.unam.mx\/index.php\/wp-json\/wp\/v2\/types\/page"}],"author":[{"embeddable":true,"href":"https:\/\/meditic.facmed.unam.mx\/index.php\/wp-json\/wp\/v2\/users\/1"}],"replies":[{"embeddable":true,"href":"https:\/\/meditic.facmed.unam.mx\/index.php\/wp-json\/wp\/v2\/comments?post=1423"}],"version-history":[{"count":31,"href":"https:\/\/meditic.facmed.unam.mx\/index.php\/wp-json\/wp\/v2\/pages\/1423\/revisions"}],"predecessor-version":[{"id":5127,"href":"https:\/\/meditic.facmed.unam.mx\/index.php\/wp-json\/wp\/v2\/pages\/1423\/revisions\/5127"}],"up":[{"embeddable":true,"href":"https:\/\/meditic.facmed.unam.mx\/index.php\/wp-json\/wp\/v2\/pages\/107"}],"wp:attachment":[{"href":"https:\/\/meditic.facmed.unam.mx\/index.php\/wp-json\/wp\/v2\/media?parent=1423"}],"curies":[{"name":"wp","href":"https:\/\/api.w.org\/{rel}","templated":true}]}}