{"id":144,"date":"2020-03-31T14:08:27","date_gmt":"2020-03-31T14:08:27","guid":{"rendered":"https:\/\/meditic.facmed.unam.mx\/?page_id=144"},"modified":"2020-11-26T20:18:13","modified_gmt":"2020-11-26T20:18:13","slug":"herramientas","status":"publish","type":"page","link":"https:\/\/meditic.facmed.unam.mx\/index.php\/estudiantes\/herramientas\/","title":{"rendered":"Herramientas"},"content":{"rendered":"<p>[et_pb_section fb_built=&#8221;1&#8243; _builder_version=&#8221;4.4.2&#8243; background_color=&#8221;#1f4e79&#8243; custom_margin=&#8221;||||false|false&#8221; custom_padding=&#8221;30px||30px||false|false&#8221;][et_pb_row _builder_version=&#8221;4.4.2&#8243;][et_pb_column type=&#8221;4_4&#8243; _builder_version=&#8221;4.4.2&#8243;][et_pb_text _builder_version=&#8221;4.4.2&#8243; header_font=&#8221;Montserrat||||||||&#8221; header_text_align=&#8221;center&#8221; header_text_color=&#8221;#ffffff&#8221; header_font_size=&#8221;40px&#8221; header_2_font=&#8221;Montserrat||||||||&#8221; header_2_text_align=&#8221;center&#8221;]<\/p>\n<h1>Herramientas para cursar tus asignaturas<\/h1>\n<p>[\/et_pb_text][\/et_pb_column][\/et_pb_row][\/et_pb_section][et_pb_section fb_built=&#8221;1&#8243; _builder_version=&#8221;4.4.2&#8243; custom_padding=&#8221;10px||10px||false|false&#8221;][et_pb_row column_structure=&#8221;1_2,1_2&#8243; _builder_version=&#8221;4.4.2&#8243;][et_pb_column type=&#8221;1_2&#8243; _builder_version=&#8221;4.4.2&#8243;][et_pb_text _builder_version=&#8221;4.4.2&#8243; text_orientation=&#8221;center&#8221;]<\/p>\n<h3>Conectados de manera simult\u00e1nea (en vivo)<\/h3>\n<p>[\/et_pb_text][et_pb_button button_url=&#8221;https:\/\/meditic.facmed.unam.mx\/index.php\/academicos\/clasesdistancia\/#seccmeet&#8221; button_text=&#8221;Google Meet&#8221; button_alignment=&#8221;center&#8221; _builder_version=&#8221;4.4.2&#8243; custom_button=&#8221;on&#8221; button_bg_color=&#8221;#1f4e79&#8243; button_border_radius=&#8221;30px&#8221; button_font=&#8221;Montserrat|600|||||||&#8221; background_layout=&#8221;dark&#8221;][\/et_pb_button][et_pb_button button_url=&#8221;https:\/\/meditic.facmed.unam.mx\/index.php\/academicos\/clasesdistancia\/#secczoom&#8221; button_text=&#8221;Zoom&#8221; button_alignment=&#8221;center&#8221; _builder_version=&#8221;4.4.2&#8243; custom_button=&#8221;on&#8221; button_bg_color=&#8221;#1f4e79&#8243; button_border_radius=&#8221;30px&#8221; button_font=&#8221;Montserrat|600|||||||&#8221; background_layout=&#8221;dark&#8221;][\/et_pb_button][\/et_pb_column][et_pb_column type=&#8221;1_2&#8243; _builder_version=&#8221;4.4.2&#8243;][et_pb_text _builder_version=&#8221;4.4.2&#8243; text_orientation=&#8221;center&#8221;]<\/p>\n<h3>Comunicados de manera no simult\u00e1nea<\/h3>\n<p>[\/et_pb_text][et_pb_button button_url=&#8221;https:\/\/meditic.facmed.unam.mx\/index.php\/academicos\/clasesdistancia\/#seccclass&#8221; button_text=&#8221;Google Classroom&#8221; button_alignment=&#8221;center&#8221; _builder_version=&#8221;4.4.2&#8243; custom_button=&#8221;on&#8221; button_bg_color=&#8221;#1f4e79&#8243; button_border_radius=&#8221;30px&#8221; button_font=&#8221;Montserrat|600|||||||&#8221; background_layout=&#8221;dark&#8221;][\/et_pb_button][et_pb_button button_url=&#8221;https:\/\/meditic.facmed.unam.mx\/index.php\/academicos\/clasesdistancia\/#seccmoodle&#8221; button_text=&#8221;Moodle&#8221; button_alignment=&#8221;center&#8221; _builder_version=&#8221;4.4.2&#8243; custom_button=&#8221;on&#8221; button_bg_color=&#8221;#1f4e79&#8243; button_border_radius=&#8221;30px&#8221; button_font=&#8221;Montserrat|600|||||||&#8221; background_layout=&#8221;dark&#8221;][\/et_pb_button][\/et_pb_column][\/et_pb_row][\/et_pb_section][et_pb_section fb_built=&#8221;1&#8243; specialty=&#8221;on&#8221; module_id=&#8221;seccmeet&#8221; _builder_version=&#8221;4.4.2&#8243; background_color=&#8221;#1f4e79&#8243;][et_pb_column type=&#8221;1_2&#8243; _builder_version=&#8221;3.25&#8243; custom_padding=&#8221;|||&#8221; custom_padding__hover=&#8221;|||&#8221;][et_pb_image src=&#8221;https:\/\/meditic.facmed.unam.mx\/wp-content\/uploads\/2020\/04\/googlemeetweb.png&#8221; align=&#8221;center&#8221; _builder_version=&#8221;4.4.2&#8243;][\/et_pb_image][\/et_pb_column][et_pb_column type=&#8221;1_2&#8243; specialty_columns=&#8221;2&#8243; _builder_version=&#8221;3.25&#8243; custom_padding=&#8221;|||&#8221; custom_padding__hover=&#8221;|||&#8221;][et_pb_row_inner _builder_version=&#8221;4.4.2&#8243;][et_pb_column_inner saved_specialty_column_type=&#8221;1_2&#8243; _builder_version=&#8221;4.4.2&#8243;][et_pb_text _builder_version=&#8221;4.4.2&#8243; header_font=&#8221;Montserrat||||||||&#8221; header_text_color=&#8221;#ffffff&#8221; header_font_size=&#8221;35px&#8221; link_option_url=&#8221;https:\/\/meditic.facmed.unam.mx\/wp-content\/uploads\/2020\/04\/aprendiendo_meet.pdf&#8221; link_option_url_new_window=&#8221;on&#8221;]<\/p>\n<h1>Google Meet<\/h1>\n<p>[\/et_pb_text][\/et_pb_column_inner][\/et_pb_row_inner][et_pb_row_inner _builder_version=&#8221;4.4.2&#8243;][et_pb_column_inner saved_specialty_column_type=&#8221;1_2&#8243; _builder_version=&#8221;4.4.2&#8243;][et_pb_text _builder_version=&#8221;4.4.2&#8243; text_text_color=&#8221;#ffffff&#8221;]<\/p>\n<p>Es una aplicaci\u00f3n de videoconferencias que permite realizar sesiones grupales \u201cen vivo\u201d a trav\u00e9s de audio, video y chat. <\/p>\n<p>[\/et_pb_text][et_pb_text _builder_version=&#8221;4.4.2&#8243; text_text_color=&#8221;#ffffff&#8221; header_3_text_color=&#8221;#ffffff&#8221;]Cuando se programe una sesi\u00f3n, tu profesor o profesora te enviar\u00e1 un v\u00ednculo para ingresar.[\/et_pb_text][\/et_pb_column_inner][\/et_pb_row_inner][et_pb_row_inner _builder_version=&#8221;4.4.2&#8243; custom_padding=&#8221;0px||0px||false|false&#8221;][et_pb_column_inner saved_specialty_column_type=&#8221;1_2&#8243; _builder_version=&#8221;4.4.2&#8243;][et_pb_button button_url=&#8221;https:\/\/meditic.facmed.unam.mx\/wp-content\/uploads\/2020\/04\/aprendiendo_meet_profesores-1.pdf&#8221; url_new_window=&#8221;on&#8221; button_text=&#8221;Descarga la gu\u00eda&#8221; button_alignment=&#8221;center&#8221; _builder_version=&#8221;4.4.2&#8243; custom_button=&#8221;on&#8221; button_border_radius=&#8221;10px&#8221; background_layout=&#8221;dark&#8221;][\/et_pb_button][\/et_pb_column_inner][\/et_pb_row_inner][\/et_pb_column][\/et_pb_section][et_pb_section fb_built=&#8221;1&#8243; specialty=&#8221;on&#8221; module_id=&#8221;secczoom&#8221; _builder_version=&#8221;4.4.2&#8243; background_color=&#8221;#1f4e79&#8243;][et_pb_column type=&#8221;1_2&#8243; _builder_version=&#8221;3.25&#8243; custom_padding=&#8221;|||&#8221; custom_padding__hover=&#8221;|||&#8221;][et_pb_image src=&#8221;https:\/\/meditic.facmed.unam.mx\/wp-content\/uploads\/2020\/04\/zoomweb.png&#8221; align=&#8221;center&#8221; _builder_version=&#8221;4.4.2&#8243;][\/et_pb_image][\/et_pb_column][et_pb_column type=&#8221;1_2&#8243; specialty_columns=&#8221;2&#8243; _builder_version=&#8221;3.25&#8243; custom_padding=&#8221;|||&#8221; custom_padding__hover=&#8221;|||&#8221;][et_pb_row_inner _builder_version=&#8221;4.4.2&#8243;][et_pb_column_inner saved_specialty_column_type=&#8221;1_2&#8243; _builder_version=&#8221;4.4.2&#8243;][et_pb_text _builder_version=&#8221;4.4.2&#8243; header_font=&#8221;Montserrat||||||||&#8221; header_text_color=&#8221;#ffffff&#8221; header_font_size=&#8221;35px&#8221;]<\/p>\n<h1>Zoom<\/h1>\n<p>[\/et_pb_text][\/et_pb_column_inner][\/et_pb_row_inner][et_pb_row_inner _builder_version=&#8221;4.4.2&#8243;][et_pb_column_inner saved_specialty_column_type=&#8221;1_2&#8243; _builder_version=&#8221;4.4.2&#8243;][et_pb_text _builder_version=&#8221;4.4.2&#8243; text_text_color=&#8221;#ffffff&#8221;]<\/p>\n<p>Es una aplicaci\u00f3n para realizar reuniones a en l\u00ednea. Puedes interactuar con los participantes por medio de audio, video y chat.<\/p>\n<p>[\/et_pb_text][et_pb_text _builder_version=&#8221;4.4.2&#8243; text_text_color=&#8221;#ffffff&#8221; header_3_text_color=&#8221;#ffffff&#8221;]Cuando se programe una sesi\u00f3n, tu profesor o profesora te enviar\u00e1 un v\u00ednculo para ingresar.[\/et_pb_text][\/et_pb_column_inner][\/et_pb_row_inner][et_pb_row_inner _builder_version=&#8221;4.4.2&#8243;][et_pb_column_inner saved_specialty_column_type=&#8221;1_2&#8243; _builder_version=&#8221;4.4.2&#8243;][et_pb_text _builder_version=&#8221;4.4.2&#8243; header_3_text_color=&#8221;#ffffff&#8221; custom_margin=&#8221;||0px||false|false&#8221;]<\/p>\n<h3>\u00bfC\u00f3mo me uno a una sesi\u00f3n?<\/h3>\n<p>[\/et_pb_text][et_pb_code _builder_version=&#8221;4.4.2&#8243; custom_margin=&#8221;||0px||false|false&#8221;]<iframe loading=\"lazy\" width=\"450\" height=\"253\" src=\"https:\/\/www.youtube.com\/embed\/xl9lu7o5rVU\" frameborder=\"0\" allow=\"accelerometer; autoplay; encrypted-media; gyroscope; picture-in-picture\" allowfullscreen><\/iframe>[\/et_pb_code][et_pb_text _builder_version=&#8221;4.4.2&#8243; text_font=&#8221;|300|||||||&#8221; text_text_color=&#8221;#ffffff&#8221; text_font_size=&#8221;12px&#8221;]<\/p>\n<p style=\"text-align: left;\">VideoMarketingViral. (2020). Como Ingresar a una Sala de Zoom | Como Unirse a una CLASE VIRTUAL. Tomado de http:\/\/y2u.be\/xl9lu7o5rVU<\/p>\n<p>[\/et_pb_text][et_pb_text _builder_version=&#8221;4.4.2&#8243; text_text_color=&#8221;#ffffff&#8221; text_font_size=&#8221;11px&#8221;]<pVideoMarketingViral. (2020). Como Ingresar a una Sala de Zoom | Como Unirse a una CLASE VIRTUAL. Tomado de http:\/\/y2u.be\/xl9lu7o5rVU<\/p>\n<p>[\/et_pb_text][\/et_pb_column_inner][\/et_pb_row_inner][\/et_pb_column][\/et_pb_section][et_pb_section fb_built=&#8221;1&#8243; specialty=&#8221;on&#8221; module_id=&#8221;seccclass&#8221; _builder_version=&#8221;4.4.2&#8243; background_color=&#8221;#1f4e79&#8243;][et_pb_column type=&#8221;1_2&#8243; _builder_version=&#8221;3.25&#8243; custom_padding=&#8221;|||&#8221; custom_padding__hover=&#8221;|||&#8221;][et_pb_image src=&#8221;https:\/\/meditic.facmed.unam.mx\/wp-content\/uploads\/2020\/04\/classroomweb.png&#8221; align=&#8221;center&#8221; _builder_version=&#8221;4.4.2&#8243;][\/et_pb_image][\/et_pb_column][et_pb_column type=&#8221;1_2&#8243; specialty_columns=&#8221;2&#8243; _builder_version=&#8221;3.25&#8243; custom_padding=&#8221;|||&#8221; custom_padding__hover=&#8221;|||&#8221;][et_pb_row_inner _builder_version=&#8221;4.4.2&#8243;][et_pb_column_inner saved_specialty_column_type=&#8221;1_2&#8243; _builder_version=&#8221;4.4.2&#8243;][et_pb_text _builder_version=&#8221;4.4.2&#8243; header_font=&#8221;Montserrat||||||||&#8221; header_text_color=&#8221;#ffffff&#8221; header_font_size=&#8221;35px&#8221;]<\/p>\n<h1>Google Classroom<\/h1>\n<p>[\/et_pb_text][\/et_pb_column_inner][\/et_pb_row_inner][et_pb_row_inner _builder_version=&#8221;4.4.2&#8243;][et_pb_column_inner saved_specialty_column_type=&#8221;1_2&#8243; _builder_version=&#8221;4.4.2&#8243;][et_pb_text _builder_version=&#8221;4.4.2&#8243; text_text_color=&#8221;#ffffff&#8221;]<\/p>\n<p>Es una herramienta colaborativa que permite tomar una clase en l\u00ednea.<\/p>\n<p>[\/et_pb_text][et_pb_text _builder_version=&#8221;4.4.2&#8243; text_text_color=&#8221;#ffffff&#8221; header_3_text_color=&#8221;#ffffff&#8221;]Si tu profesor o profesora decide utilizar esta herramienta, te enviar\u00e1 una invitaci\u00f3n para ingresar a trav\u00e9s de tu cuenta de Gmail.[\/et_pb_text][\/et_pb_column_inner][\/et_pb_row_inner][et_pb_row_inner _builder_version=&#8221;4.4.2&#8243;][et_pb_column_inner saved_specialty_column_type=&#8221;1_2&#8243; _builder_version=&#8221;4.4.2&#8243;][et_pb_text _builder_version=&#8221;4.4.2&#8243; header_3_text_color=&#8221;#ffffff&#8221; custom_margin=&#8221;||0px||false|false&#8221;]<\/p>\n<h3>\u00bfC\u00f3mo ingreso a la sesi\u00f3n?<\/h3>\n<p>[\/et_pb_text][et_pb_code _builder_version=&#8221;4.4.2&#8243;]<iframe loading=\"lazy\" width=\"560\" height=\"315\" src=\"https:\/\/www.youtube.com\/embed\/1lHzIP2ukAI\" frameborder=\"0\" allow=\"accelerometer; autoplay; clipboard-write; encrypted-media; gyroscope; picture-in-picture\" allowfullscreen><\/iframe>[\/et_pb_code][\/et_pb_column_inner][\/et_pb_row_inner][et_pb_row_inner _builder_version=&#8221;4.4.2&#8243;][et_pb_column_inner saved_specialty_column_type=&#8221;1_2&#8243; _builder_version=&#8221;4.4.2&#8243;][et_pb_text _builder_version=&#8221;4.4.2&#8243; header_3_text_color=&#8221;#ffffff&#8221; custom_margin=&#8221;||0px||false|false&#8221;]<\/p>\n<h3>Aprendiendo a utilizar Google Classroom<\/h3>\n<p>[\/et_pb_text][et_pb_code _builder_version=&#8221;4.4.2&#8243;]<iframe loading=\"lazy\" width=\"560\" height=\"315\" src=\"https:\/\/www.youtube.com\/embed\/Mz7g7ajoQis\" frameborder=\"0\" allow=\"accelerometer; autoplay; clipboard-write; encrypted-media; gyroscope; picture-in-picture\" allowfullscreen><\/iframe>[\/et_pb_code][\/et_pb_column_inner][\/et_pb_row_inner][\/et_pb_column][\/et_pb_section][et_pb_section fb_built=&#8221;1&#8243; specialty=&#8221;on&#8221; module_id=&#8221;seccmoodle&#8221; _builder_version=&#8221;4.4.2&#8243; background_color=&#8221;#1f4e79&#8243;][et_pb_column type=&#8221;1_2&#8243; _builder_version=&#8221;3.25&#8243; custom_padding=&#8221;|||&#8221; custom_padding__hover=&#8221;|||&#8221;][et_pb_image src=&#8221;https:\/\/meditic.facmed.unam.mx\/wp-content\/uploads\/2020\/04\/moodleweb.png&#8221; align=&#8221;center&#8221; _builder_version=&#8221;4.4.2&#8243;][\/et_pb_image][\/et_pb_column][et_pb_column type=&#8221;1_2&#8243; specialty_columns=&#8221;2&#8243; _builder_version=&#8221;3.25&#8243; custom_padding=&#8221;|||&#8221; custom_padding__hover=&#8221;|||&#8221;][et_pb_row_inner _builder_version=&#8221;4.4.2&#8243;][et_pb_column_inner saved_specialty_column_type=&#8221;1_2&#8243; _builder_version=&#8221;4.4.2&#8243;][et_pb_text _builder_version=&#8221;4.4.2&#8243; header_font=&#8221;Montserrat||||||||&#8221; header_text_color=&#8221;#ffffff&#8221; header_font_size=&#8221;35px&#8221;]<\/p>\n<h1>Moodle<\/h1>\n<p>[\/et_pb_text][\/et_pb_column_inner][\/et_pb_row_inner][et_pb_row_inner _builder_version=&#8221;4.4.2&#8243;][et_pb_column_inner saved_specialty_column_type=&#8221;1_2&#8243; _builder_version=&#8221;4.4.2&#8243;][et_pb_text _builder_version=&#8221;4.4.2&#8243; text_text_color=&#8221;#ffffff&#8221;]<\/p>\n<p>Es un aula virtual que permite tomar clases a distancia.<\/p>\n<p>[\/et_pb_text][et_pb_text _builder_version=&#8221;4.4.2&#8243; text_text_color=&#8221;#ffffff&#8221; header_3_text_color=&#8221;#ffffff&#8221;]Si tu profesor o profesora decide utilizar esta herramienta, te indicar\u00e1 cu\u00e1l es tu usuario y contrase\u00f1a para ingresar.[\/et_pb_text][\/et_pb_column_inner][\/et_pb_row_inner][et_pb_row_inner _builder_version=&#8221;4.4.2&#8243;][et_pb_column_inner saved_specialty_column_type=&#8221;1_2&#8243; _builder_version=&#8221;4.4.2&#8243;][et_pb_text _builder_version=&#8221;4.4.2&#8243; header_3_text_color=&#8221;#ffffff&#8221; custom_margin=&#8221;||0px||false|false&#8221;]<\/p>\n<h3>\u00bfC\u00f3mo ingreso a mi aula virtual?<\/h3>\n<p>[\/et_pb_text][et_pb_code _builder_version=&#8221;4.4.2&#8243;]<iframe loading=\"lazy\" width=\"560\" height=\"315\" src=\"https:\/\/www.youtube.com\/embed\/M8JzMX_RN7g\" frameborder=\"0\" allow=\"accelerometer; autoplay; clipboard-write; encrypted-media; gyroscope; picture-in-picture\" allowfullscreen><\/iframe>[\/et_pb_code][\/et_pb_column_inner][\/et_pb_row_inner][et_pb_row_inner _builder_version=&#8221;4.4.2&#8243;][et_pb_column_inner saved_specialty_column_type=&#8221;1_2&#8243; _builder_version=&#8221;4.4.2&#8243;][et_pb_text _builder_version=&#8221;4.4.2&#8243; header_3_text_color=&#8221;#ffffff&#8221; custom_margin=&#8221;||0px||false|false&#8221;]<\/p>\n<h3>\u00bfC\u00f3mo edito mi perfil?<\/h3>\n<p>[\/et_pb_text][et_pb_code _builder_version=&#8221;4.4.2&#8243;]<iframe loading=\"lazy\" width=\"450\" height=\"253\" src=\"https:\/\/www.youtube.com\/embed\/qJSzzzR253Q\" frameborder=\"0\" allow=\"accelerometer; autoplay; encrypted-media; gyroscope; picture-in-picture\" allowfullscreen><\/iframe>[\/et_pb_code][\/et_pb_column_inner][\/et_pb_row_inner][et_pb_row_inner _builder_version=&#8221;4.4.2&#8243;][et_pb_column_inner saved_specialty_column_type=&#8221;1_2&#8243; _builder_version=&#8221;4.4.2&#8243;][et_pb_text _builder_version=&#8221;4.4.2&#8243; header_3_text_color=&#8221;#ffffff&#8221; custom_margin=&#8221;||0px||false|false&#8221;]<\/p>\n<h3>\u00bfC\u00f3mo entrego mi tarea?<\/h3>\n<p>[\/et_pb_text][et_pb_code _builder_version=&#8221;4.4.2&#8243;]<iframe loading=\"lazy\" width=\"560\" height=\"315\" src=\"https:\/\/www.youtube.com\/embed\/AH3AF0Ik_9M\" frameborder=\"0\" allow=\"accelerometer; autoplay; clipboard-write; encrypted-media; gyroscope; picture-in-picture\" allowfullscreen><\/iframe>[\/et_pb_code][\/et_pb_column_inner][\/et_pb_row_inner][et_pb_row_inner _builder_version=&#8221;4.4.2&#8243;][et_pb_column_inner saved_specialty_column_type=&#8221;1_2&#8243; _builder_version=&#8221;4.4.2&#8243;][et_pb_text _builder_version=&#8221;4.4.2&#8243; header_3_text_color=&#8221;#ffffff&#8221; custom_margin=&#8221;||0px||false|false&#8221;]<\/p>\n<h3>\u00bfC\u00f3mo participo en el foro?<\/h3>\n<p>[\/et_pb_text][et_pb_code _builder_version=&#8221;4.4.2&#8243;]<iframe loading=\"lazy\" width=\"560\" height=\"315\" src=\"https:\/\/www.youtube.com\/embed\/c28irARoXU4\" frameborder=\"0\" allow=\"accelerometer; autoplay; clipboard-write; encrypted-media; gyroscope; picture-in-picture\" allowfullscreen><\/iframe>[\/et_pb_code][\/et_pb_column_inner][\/et_pb_row_inner][\/et_pb_column][\/et_pb_section]<\/p>\n","protected":false},"excerpt":{"rendered":"<p>Herramientas para cursar tus asignaturasConectados de manera simult\u00e1nea (en vivo)Comunicados de manera no simult\u00e1neaGoogle MeetEs una aplicaci\u00f3n de videoconferencias que permite realizar sesiones grupales \u201cen vivo\u201d a trav\u00e9s de audio, video y chat. Cuando se programe una sesi\u00f3n, tu profesor o profesora te enviar\u00e1 un v\u00ednculo para ingresar.ZoomEs una aplicaci\u00f3n para realizar reuniones a en [&hellip;]<\/p>\n","protected":false},"author":1,"featured_media":0,"parent":104,"menu_order":0,"comment_status":"closed","ping_status":"closed","template":"","meta":{"_et_pb_use_builder":"on","_et_pb_old_content":"","_et_gb_content_width":"","footnotes":""},"_links":{"self":[{"href":"https:\/\/meditic.facmed.unam.mx\/index.php\/wp-json\/wp\/v2\/pages\/144"}],"collection":[{"href":"https:\/\/meditic.facmed.unam.mx\/index.php\/wp-json\/wp\/v2\/pages"}],"about":[{"href":"https:\/\/meditic.facmed.unam.mx\/index.php\/wp-json\/wp\/v2\/types\/page"}],"author":[{"embeddable":true,"href":"https:\/\/meditic.facmed.unam.mx\/index.php\/wp-json\/wp\/v2\/users\/1"}],"replies":[{"embeddable":true,"href":"https:\/\/meditic.facmed.unam.mx\/index.php\/wp-json\/wp\/v2\/comments?post=144"}],"version-history":[{"count":30,"href":"https:\/\/meditic.facmed.unam.mx\/index.php\/wp-json\/wp\/v2\/pages\/144\/revisions"}],"predecessor-version":[{"id":5575,"href":"https:\/\/meditic.facmed.unam.mx\/index.php\/wp-json\/wp\/v2\/pages\/144\/revisions\/5575"}],"up":[{"embeddable":true,"href":"https:\/\/meditic.facmed.unam.mx\/index.php\/wp-json\/wp\/v2\/pages\/104"}],"wp:attachment":[{"href":"https:\/\/meditic.facmed.unam.mx\/index.php\/wp-json\/wp\/v2\/media?parent=144"}],"curies":[{"name":"wp","href":"https:\/\/api.w.org\/{rel}","templated":true}]}}