{"id":1602,"date":"2020-04-05T12:13:02","date_gmt":"2020-04-05T12:13:02","guid":{"rendered":"https:\/\/meditic.facmed.unam.mx\/?page_id=1602"},"modified":"2020-10-14T18:28:49","modified_gmt":"2020-10-14T18:28:49","slug":"examenes","status":"publish","type":"page","link":"https:\/\/meditic.facmed.unam.mx\/index.php\/examenes\/","title":{"rendered":"Ex\u00e1menes finales y extraordinarios"},"content":{"rendered":"<p>[et_pb_section fb_built=&#8221;1&#8243; _builder_version=&#8221;4.4.2&#8243; background_color=&#8221;#5b2e96&#8243; custom_margin=&#8221;||||false|false&#8221; custom_padding=&#8221;30px||30px||false|false&#8221;][et_pb_row _builder_version=&#8221;4.4.2&#8243;][et_pb_column type=&#8221;4_4&#8243; _builder_version=&#8221;4.4.2&#8243;][et_pb_text _builder_version=&#8221;4.4.2&#8243; header_font=&#8221;Montserrat||||||||&#8221; header_text_align=&#8221;center&#8221; header_text_color=&#8221;#ffffff&#8221; header_font_size=&#8221;40px&#8221; header_2_font=&#8221;Montserrat||||||||&#8221; header_2_text_align=&#8221;center&#8221;]<\/p>\n<h1>Ex\u00e1menes finales y extraordinarios<\/h1>\n<p>[\/et_pb_text][\/et_pb_column][\/et_pb_row][\/et_pb_section][et_pb_section fb_built=&#8221;1&#8243; specialty=&#8221;on&#8221; _builder_version=&#8221;4.4.2&#8243; background_color=&#8221;#5b2e96&#8243; custom_padding=&#8221;0px||0px||false|false&#8221;][et_pb_column type=&#8221;3_4&#8243; specialty_columns=&#8221;3&#8243; _builder_version=&#8221;3.25&#8243; custom_padding=&#8221;|||&#8221; custom_padding__hover=&#8221;|||&#8221;][et_pb_row_inner _builder_version=&#8221;4.4.2&#8243; background_enable_color=&#8221;off&#8221;][et_pb_column_inner saved_specialty_column_type=&#8221;3_4&#8243; _builder_version=&#8221;4.4.2&#8243;][et_pb_text module_id=&#8221;sec02pop01b&#8221; _builder_version=&#8221;4.4.2&#8243; text_text_color=&#8221;#ffffff&#8221; text_font_size=&#8221;19px&#8221; header_3_text_color=&#8221;#ffffff&#8221; background_enable_color=&#8221;off&#8221;]<\/p>\n<h3>Licenciatura de M\u00e9dico Cirujano<\/h3>\n<p>Pr\u00f3ximamente se comunicar\u00e1 el procedimiento mediante el cual se llevar\u00e1n a cabo los ex\u00e1menes.<\/p>\n<p>[\/et_pb_text][et_pb_accordion open_toggle_text_color=&#8221;#ffffff&#8221; open_toggle_background_color=&#8221;rgba(0,0,0,0)&#8221; closed_toggle_text_color=&#8221;#ffffff&#8221; closed_toggle_background_color=&#8221;rgba(0,0,0,0)&#8221; icon_color=&#8221;#ffffff&#8221; _builder_version=&#8221;4.4.2&#8243; toggle_text_color=&#8221;#ffffff&#8221; body_text_color=&#8221;#ffffff&#8221; border_radii=&#8221;on|5px|5px|5px|5px&#8221; border_color_all=&#8221;#ffffff&#8221;][et_pb_accordion_item title=&#8221;oculto&#8221; open=&#8221;on&#8221; _builder_version=&#8221;4.4.2&#8243; custom_css_main_element=&#8221;display:none;&#8221;]<\/p>\n<p>Your content goes here. Edit or remove this text inline or in the module Content settings. You can also style every aspect of this content in the module Design settings and even apply custom CSS to this text in the module Advanced settings.<\/p>\n<p>[\/et_pb_accordion_item][et_pb_accordion_item title=&#8221;Anatom\u00eda&#8221; _builder_version=&#8221;4.4.2&#8243; open=&#8221;off&#8221;]<\/p>\n<p><strong>Primer examen ordinario<\/strong>: lunes,11 de mayo de 2020<br \/> <strong>Segundo examen ordinario<\/strong>: mi\u00e9rcoles, 20 de mayo de 2020<br \/> <strong>Examen extraordinario<\/strong>: lunes, 1 de junio de 2020<\/p>\n<p>[\/et_pb_accordion_item][et_pb_accordion_item title=&#8221;Biolog\u00eda Celular e Histolog\u00eda M\u00e9dica&#8221; _builder_version=&#8221;4.4.2&#8243; open=&#8221;off&#8221;]<strong>Primer examen ordinario<\/strong>: viernes, 8 de mayo de 2020<br \/>\n<strong>Segundo examen final ordinario<\/strong>: lunes, 25 de mayo de 2020<br \/>\n<strong>Examen extraordinario<\/strong>: jueves, 4 de junio de 2020[\/et_pb_accordion_item][et_pb_accordion_item title=&#8221;Bioqu\u00edmica y Biolog\u00eda Molecular&#8221; _builder_version=&#8221;4.4.2&#8243; open=&#8221;off&#8221;]<\/p>\n<p><strong>Primer\u00a0examen\u00a0ordinario<\/strong>: mi\u00e9rcoles, 6 de mayo de 2020<br \/> <strong>Segundo\u00a0examen\u00a0ordinario<\/strong>: mi\u00e9rcoles, 27 de mayo de 2020<br \/> <strong>Examen\u00a0extraordinario<\/strong>: martes, 9 de junio de 2020<\/p>\n<p>[\/et_pb_accordion_item][et_pb_accordion_item title=&#8221;Embriolog\u00eda Humana &#8221; _builder_version=&#8221;4.4.2&#8243; open=&#8221;off&#8221;]<strong>Primer examen ordinario final<\/strong>: lunes, 27 de abril de 2020<br \/>\n<strong>Segundo examen ordinario final<\/strong>: jueves, 14 de mayo\u00a0de 2020<br \/>\n<strong>Examen\u00a0extraordinario<\/strong>: s\u00e1bado, 6 de junio\u00a0de 2020[\/et_pb_accordion_item][et_pb_accordion_item title=&#8221;Farmacolog\u00eda&#8221; _builder_version=&#8221;4.4.2&#8243; open=&#8221;off&#8221;]<\/p>\n<p><strong>Renuncia de calificaci\u00f3n<\/strong>: lunes, 4 de mayo de 2020<\/p>\n<p><strong>Primer examen ordinario final<\/strong>: mi\u00e9rcoles, 13 de mayo de 2020<\/p>\n<p> <strong>Segundo examen ordinario final<\/strong>: mi\u00e9rcoles, 26 de mayo de 2020 <\/p>\n<p> <strong>Examen extraordinario<\/strong>: s\u00e1bado, 6 de junio 2020<\/p>\n<p>[\/et_pb_accordion_item][et_pb_accordion_item title=&#8221;Fisiolog\u00eda&#8221; _builder_version=&#8221;4.4.2&#8243; open=&#8221;off&#8221;]<strong>Primer\u00a0examen\u00a0ordinario<\/strong>: jueves, 7 de mayo de 2020<br \/>\n<strong>Segundo\u00a0examen\u00a0ordinario<\/strong>: s\u00e1bado, 23 de mayo de 2020<br \/>\n<strong>Examen\u00a0extraordinario<\/strong>: jueves, 04 de junio de 2020[\/et_pb_accordion_item][et_pb_accordion_item title=&#8221;Inform\u00e1tica Biom\u00e9dica&#8221; _builder_version=&#8221;4.4.2&#8243; open=&#8221;off&#8221;]<strong>Renuncia de calificaci\u00f3n<\/strong>: jueves, 23 de abril de 2020<br \/>\n<strong>Primer examen ordinario final<\/strong>: mi\u00e9rcoles, 29 de abril de 2020<br \/>\n<strong>Segundo examen ordinario final<\/strong>: s\u00e1bado, 9 de mayo de 2020<br \/>\n<strong>Examen extraordinario<\/strong>:\u00a0mi\u00e9rcoles, 3 de junio de\u00a02020[\/et_pb_accordion_item][et_pb_accordion_item title=&#8221;Integraci\u00f3n B\u00e1sico Cl\u00ednica I&#8221; _builder_version=&#8221;4.4.2&#8243; open=&#8221;off&#8221;]<strong>Renuncia de calificaci\u00f3n<\/strong>: mi\u00e9rcoles, 15 de abril de 2020<br \/>\n<strong>Primer examen ordinario<\/strong>: jueves, 23 de abril de 2020<br \/>\n<strong>Segundo examen ordinario<\/strong>: lunes, 18 de mayo de 2020<br \/>\n<strong>Examen extraordinario<\/strong>: lunes, 8 de junio de 2020[\/et_pb_accordion_item][et_pb_accordion_item title=&#8221;Integraci\u00f3n B\u00e1sico Cl\u00ednica II&#8221; _builder_version=&#8221;4.4.2&#8243; open=&#8221;off&#8221;]<strong>Renuncia de calificaci\u00f3n<\/strong>: martes, 21 de abril de 2020<br \/>\n<strong>Primer examen ordinario<\/strong>: s\u00e1bado, 9 de mayo de 2020<br \/>\n<strong>Segundo examen ordinario<\/strong>: martes, 12 de mayo de 2020<br \/>\n<strong>Examen extraordinario<\/strong>: viernes, 29 de mayo de 2020[\/et_pb_accordion_item][et_pb_accordion_item title=&#8221;Integraci\u00f3n Cl\u00ednico B\u00e1sica I&#8221; _builder_version=&#8221;4.4.2&#8243; open=&#8221;off&#8221;]<strong>Primer examen ordinario<\/strong>: mi\u00e9rcoles, 13 de mayo de 2020<br \/>\n<strong>Segundo examen ordinario<\/strong>: martes, 19 de mayo de 2020<br \/>\n<strong>Examen extraordinario<\/strong>: jueves, 4 de junio de 2020[\/et_pb_accordion_item][et_pb_accordion_item title=&#8221;Integraci\u00f3n Cl\u00ednico B\u00e1sica II&#8221; _builder_version=&#8221;4.4.2&#8243; open=&#8221;off&#8221;]<strong>Primer examen ordinario<\/strong>: lunes, 11 de mayo de 2020<br \/>\n<strong>Segundo examen ordinario<\/strong>: lunes, 18 de mayo de 2020<br \/>\n<strong>Examen extraordinario<\/strong>: martes, 2 de junio de 2020[\/et_pb_accordion_item][et_pb_accordion_item title=&#8221;Inmunolog\u00eda&#8221; _builder_version=&#8221;4.4.2&#8243; open=&#8221;off&#8221;]<\/p>\n<p><strong>Primer examen ordinario<\/strong>: jueves, 30 de abril de 2020s<\/p>\n<p> <strong>Segundo examen ordinario<\/strong>: lunes, 11 de mayo de 2020<\/p>\n<p> <strong>Examen extraordinario<\/strong>: martes, 2 de junio de 2020<\/p>\n<p>[\/et_pb_accordion_item][et_pb_accordion_item title=&#8221;Introducci\u00f3n a la Cirug\u00eda&#8221; _builder_version=&#8221;4.4.2&#8243; open=&#8221;off&#8221;]<\/p>\n<p><strong>Renuncia de calificaci\u00f3n<\/strong><br \/> Martes, 28 de abril de 2020<\/p>\n<p> <strong>Primer examen ordinario<\/strong><br \/> S\u00e1bado, 2 de mayo de 2020 para la teor\u00eda<br \/> Mi\u00e9rcoles 6 de mayo de 2020 para la pr\u00e1ctica<\/p>\n<p> <strong>Segundo examen ordinario<\/strong><br \/> Jueves, 21 de mayo de 2020 tanto para la teor\u00eda como para la pr\u00e1ctica<\/p>\n<p>[\/et_pb_accordion_item][et_pb_accordion_item title=&#8221;Microbiolog\u00eda y Parasitolog\u00eda&#8221; _builder_version=&#8221;4.4.2&#8243; open=&#8221;off&#8221;]<\/p>\n<p><strong>Primer examen ordinario<\/strong>: lunes, 4 de mayo de 2020<br \/> <strong>Segundo examen ordinario<\/strong>: lunes, 18 de mayo de 2020<br \/> <strong>Examen extraordinario<\/strong>:\u00a0lunes, 1 de junio de\u00a02020<\/p>\n<p>[\/et_pb_accordion_item][et_pb_accordion_item title=&#8221;Introducci\u00f3n a la Salud Mental&#8221; _builder_version=&#8221;4.4.2&#8243; open=&#8221;off&#8221;]<\/p>\n<p><strong>Primer examen ordinario<\/strong>: viernes, 24 de abril de 2020<br \/> <strong>Segundo examen ordinario<\/strong>: viernes, 22 de mayo de 2020<br \/> <strong>Examen extraordinario<\/strong>:\u00a0viernes, 5 de junio de 2020<\/p>\n<p>[\/et_pb_accordion_item][et_pb_accordion_item title=&#8221;Salud P\u00fablica y Comunidad&#8221; _builder_version=&#8221;4.4.2&#8243; open=&#8221;off&#8221;]<\/p>\n<p><strong>Primer examen ordinario final<\/strong>: s\u00e1bado, 25 de abril de 2020<\/p>\n<p> <strong>Segundo examen ordinario final<\/strong>: s\u00e1bado, 16 de mayo de 2020<\/p>\n<p> <strong>Examen extraordinario<\/strong>: martes, 2 de junio de 2020<\/p>\n<p>[\/et_pb_accordion_item][et_pb_accordion_item title=&#8221;Promoci\u00f3n de la Salud en el Ciclo de Vida&#8221; _builder_version=&#8221;4.4.2&#8243; open=&#8221;off&#8221;]<\/p>\n<p><strong>Primer examen ordinario final<\/strong>: jueves, 23 de abril de 2020<\/p>\n<p> <strong>Segundo examen ordinario final<\/strong>: s\u00e1bado, 16 de mayo de 2020<\/p>\n<p> <strong>Examen extraordinario<\/strong>: mi\u00e9rcoles, 3 de junio de 2020<\/p>\n<p>[\/et_pb_accordion_item][\/et_pb_accordion][\/et_pb_column_inner][\/et_pb_row_inner][\/et_pb_column][et_pb_column type=&#8221;1_4&#8243; _builder_version=&#8221;3.25&#8243; custom_padding=&#8221;|||&#8221; custom_padding__hover=&#8221;|||&#8221;][et_pb_image src=&#8221;https:\/\/meditic.facmed.unam.mx\/wp-content\/uploads\/2020\/04\/extras.png&#8221; _builder_version=&#8221;4.4.2&#8243; custom_margin=&#8221;|-228px||||&#8221; custom_padding=&#8221;|80px||||&#8221;][\/et_pb_image][\/et_pb_column][\/et_pb_section]<\/p>\n","protected":false},"excerpt":{"rendered":"<p>Ex\u00e1menes finales y extraordinariosLicenciatura de M\u00e9dico Cirujano Pr\u00f3ximamente se comunicar\u00e1 el procedimiento mediante el cual se llevar\u00e1n a cabo los ex\u00e1menes.Your content goes here. Edit or remove this text inline or in the module Content settings. You can also style every aspect of this content in the module Design settings and even apply custom CSS [&hellip;]<\/p>\n","protected":false},"author":1,"featured_media":0,"parent":0,"menu_order":0,"comment_status":"closed","ping_status":"closed","template":"","meta":{"_et_pb_use_builder":"on","_et_pb_old_content":"","_et_gb_content_width":"","footnotes":""},"_links":{"self":[{"href":"https:\/\/meditic.facmed.unam.mx\/index.php\/wp-json\/wp\/v2\/pages\/1602"}],"collection":[{"href":"https:\/\/meditic.facmed.unam.mx\/index.php\/wp-json\/wp\/v2\/pages"}],"about":[{"href":"https:\/\/meditic.facmed.unam.mx\/index.php\/wp-json\/wp\/v2\/types\/page"}],"author":[{"embeddable":true,"href":"https:\/\/meditic.facmed.unam.mx\/index.php\/wp-json\/wp\/v2\/users\/1"}],"replies":[{"embeddable":true,"href":"https:\/\/meditic.facmed.unam.mx\/index.php\/wp-json\/wp\/v2\/comments?post=1602"}],"version-history":[{"count":30,"href":"https:\/\/meditic.facmed.unam.mx\/index.php\/wp-json\/wp\/v2\/pages\/1602\/revisions"}],"predecessor-version":[{"id":2459,"href":"https:\/\/meditic.facmed.unam.mx\/index.php\/wp-json\/wp\/v2\/pages\/1602\/revisions\/2459"}],"wp:attachment":[{"href":"https:\/\/meditic.facmed.unam.mx\/index.php\/wp-json\/wp\/v2\/media?parent=1602"}],"curies":[{"name":"wp","href":"https:\/\/api.w.org\/{rel}","templated":true}]}}