{"id":1663,"date":"2020-04-05T14:31:20","date_gmt":"2020-04-05T14:31:20","guid":{"rendered":"https:\/\/meditic.facmed.unam.mx\/?page_id=1663"},"modified":"2020-11-26T21:01:28","modified_gmt":"2020-11-26T21:01:28","slug":"contactcenter","status":"publish","type":"page","link":"https:\/\/meditic.facmed.unam.mx\/index.php\/contactcenter\/","title":{"rendered":"Call &#038; Chat Center"},"content":{"rendered":"<p>[et_pb_section fb_built=&#8221;1&#8243; _builder_version=&#8221;4.4.2&#8243; background_color=&#8221;#cf5444&#8243;][et_pb_row _builder_version=&#8221;4.4.2&#8243; background_enable_color=&#8221;off&#8221;][et_pb_column type=&#8221;4_4&#8243; _builder_version=&#8221;4.4.2&#8243;][et_pb_text _builder_version=&#8221;4.4.2&#8243; header_font=&#8221;Montserrat||||||||&#8221; header_text_align=&#8221;center&#8221; header_text_color=&#8221;#ffffff&#8221; header_font_size=&#8221;40px&#8221; header_2_font=&#8221;Montserrat||||||||&#8221; header_2_text_align=&#8221;center&#8221;]<\/p>\n<h1>Call &#038; Chat Center<\/h1>\n<p>[\/et_pb_text][et_pb_text module_id=&#8221;sec02pop01b&#8221; _builder_version=&#8221;4.4.2&#8243; text_text_color=&#8221;#ffffff&#8221; text_font_size=&#8221;18px&#8221; header_2_font=&#8221;Montserrat|600|||||||&#8221; header_2_text_align=&#8221;center&#8221; header_2_text_color=&#8221;#ffffff&#8221; background_enable_color=&#8221;off&#8221; width=&#8221;100%&#8221;]<\/p>\n<h2>\u00bfTienes dudas acerca de la pandemia por COVID-19?<\/strong><\/h2>\n<p>&nbsp;<\/p>\n<h2>\u00a1Ll\u00e1manos o escr\u00edbenos!<\/h2>\n<p>&nbsp;<br \/>\nLa Universidad Nacional Aut\u00f3noma de M\u00e9xico, a trav\u00e9s de la Facultad de Medicina, ofrece el servicio de informaci\u00f3n m\u00e9dica profesional sobre la pandemia por COVID-19 que padece nuestro pa\u00eds.<br \/>\n&nbsp;<br \/>\nEste Centro Informativo es atendido por m\u00e9dicos, ellos contestar\u00e1n tus preguntas y podr\u00e1s resolver tus dudas acerca del tema, ya sea v\u00eda telef\u00f3nica o por chat, donde lo primordial es que est\u00e9s bien informado y sepas qu\u00e9 hacer para tu autocuidado, la prevenci\u00f3n y la atenci\u00f3n m\u00e9dica oportuna.[\/et_pb_text][\/et_pb_column][\/et_pb_row][et_pb_row column_structure=&#8221;1_2,1_2&#8243; _builder_version=&#8221;4.4.2&#8243;][et_pb_column type=&#8221;1_2&#8243; _builder_version=&#8221;4.4.2&#8243;][et_pb_image src=&#8221;https:\/\/meditic.facmed.unam.mx\/wp-content\/uploads\/2020\/04\/callcenter.jpg&#8221; align=&#8221;center&#8221; _builder_version=&#8221;4.4.2&#8243;][\/et_pb_image][et_pb_button button_url=&#8221;tel:+525541611630&#8243; button_text=&#8221;(52) 5541611630&#8243; button_alignment=&#8221;center&#8221; _builder_version=&#8221;4.4.2&#8243; custom_button=&#8221;on&#8221; button_text_size=&#8221;35px&#8221; button_border_width=&#8221;0px&#8221; button_border_radius=&#8221;0px&#8221; button_font=&#8221;Montserrat|600|||||||&#8221; button_icon=&#8221;%%264%%&#8221; button_icon_color=&#8221;#ffffff&#8221; button_icon_placement=&#8221;left&#8221; button_on_hover=&#8221;off&#8221; background_layout=&#8221;dark&#8221; custom_margin=&#8221;0px||0px||false|false&#8221;][\/et_pb_button][et_pb_text _builder_version=&#8221;4.4.2&#8243; text_font=&#8221;Montserrat||||||||&#8221; text_text_color=&#8221;#ffffff&#8221; text_font_size=&#8221;19px&#8221; header_font=&#8221;Montserrat|600|||||||&#8221; header_text_align=&#8221;center&#8221; header_text_color=&#8221;#ffffff&#8221; header_font_size=&#8221;35px&#8221; header_line_height=&#8221;1.5em&#8221; text_orientation=&#8221;center&#8221; custom_margin=&#8221;0px||0px||false|false&#8221;]<\/p>\n<h1>o<\/h1>\n<p>[\/et_pb_text][et_pb_button button_url=&#8221;tel:+528004610145&#8243; button_text=&#8221;(52) 8004610145&#8243; button_alignment=&#8221;center&#8221; _builder_version=&#8221;4.4.2&#8243; custom_button=&#8221;on&#8221; button_text_size=&#8221;35px&#8221; button_border_width=&#8221;0px&#8221; button_border_radius=&#8221;0px&#8221; button_font=&#8221;Montserrat|600|||||||&#8221; button_icon=&#8221;%%264%%&#8221; button_icon_color=&#8221;#ffffff&#8221; button_icon_placement=&#8221;left&#8221; button_on_hover=&#8221;off&#8221; background_layout=&#8221;dark&#8221; custom_margin=&#8221;0px||0px||false|false&#8221;][\/et_pb_button][et_pb_text _builder_version=&#8221;4.4.2&#8243; text_font=&#8221;Montserrat||||||||&#8221; text_text_color=&#8221;#ffffff&#8221; text_font_size=&#8221;19px&#8221; header_font=&#8221;Montserrat|600|||||||&#8221; header_text_align=&#8221;center&#8221; header_text_color=&#8221;#ffffff&#8221; header_font_size=&#8221;40px&#8221; header_line_height=&#8221;1.5em&#8221; text_orientation=&#8221;center&#8221;]<\/p>\n<p><strong>Horario de atenci\u00f3n:<br \/>\n8 a 20 horas<\/strong><\/p>\n<p>[\/et_pb_text][\/et_pb_column][et_pb_column type=&#8221;1_2&#8243; _builder_version=&#8221;4.4.2&#8243;][et_pb_image src=&#8221;https:\/\/meditic.facmed.unam.mx\/wp-content\/uploads\/2020\/04\/chatcenter.jpg&#8221; _builder_version=&#8221;4.4.2&#8243;][\/et_pb_image][et_pb_text _builder_version=&#8221;4.4.2&#8243; text_text_color=&#8221;#ffffff&#8221; text_orientation=&#8221;center&#8221;]<\/p>\n<p>Inicia el Chat dando clic\/tocando el b\u00f3ton inferior.<\/p>\n<p>[\/et_pb_text][et_pb_code _builder_version=&#8221;4.4.2&#8243; min_height=&#8221;580px&#8221; custom_margin=&#8221;||||false|false&#8221; custom_margin_tablet=&#8221;&#8221; custom_margin_phone=&#8221;|-60px|||false|false&#8221; custom_margin_last_edited=&#8221;on|phone&#8221;]<iframe loading=\"lazy\" width=\"450\" height=\"510\" src=\"http:\/\/www.facmed.unam.mx\/aws\/chat_index.html\"><\/iframe>[\/et_pb_code][\/et_pb_column][\/et_pb_row][\/et_pb_section]<\/p>\n","protected":false},"excerpt":{"rendered":"<p>Call &#038; Chat Center\u00bfTienes dudas acerca de la pandemia por COVID-19? &nbsp; \u00a1Ll\u00e1manos o escr\u00edbenos! &nbsp; La Universidad Nacional Aut\u00f3noma de M\u00e9xico, a trav\u00e9s de la Facultad de Medicina, ofrece el servicio de informaci\u00f3n m\u00e9dica profesional sobre la pandemia por COVID-19 que padece nuestro pa\u00eds. &nbsp; Este Centro Informativo es atendido por m\u00e9dicos, ellos contestar\u00e1n [&hellip;]<\/p>\n","protected":false},"author":1,"featured_media":0,"parent":0,"menu_order":0,"comment_status":"closed","ping_status":"closed","template":"","meta":{"_et_pb_use_builder":"on","_et_pb_old_content":"","_et_gb_content_width":"","footnotes":""},"_links":{"self":[{"href":"https:\/\/meditic.facmed.unam.mx\/index.php\/wp-json\/wp\/v2\/pages\/1663"}],"collection":[{"href":"https:\/\/meditic.facmed.unam.mx\/index.php\/wp-json\/wp\/v2\/pages"}],"about":[{"href":"https:\/\/meditic.facmed.unam.mx\/index.php\/wp-json\/wp\/v2\/types\/page"}],"author":[{"embeddable":true,"href":"https:\/\/meditic.facmed.unam.mx\/index.php\/wp-json\/wp\/v2\/users\/1"}],"replies":[{"embeddable":true,"href":"https:\/\/meditic.facmed.unam.mx\/index.php\/wp-json\/wp\/v2\/comments?post=1663"}],"version-history":[{"count":61,"href":"https:\/\/meditic.facmed.unam.mx\/index.php\/wp-json\/wp\/v2\/pages\/1663\/revisions"}],"predecessor-version":[{"id":3633,"href":"https:\/\/meditic.facmed.unam.mx\/index.php\/wp-json\/wp\/v2\/pages\/1663\/revisions\/3633"}],"wp:attachment":[{"href":"https:\/\/meditic.facmed.unam.mx\/index.php\/wp-json\/wp\/v2\/media?parent=1663"}],"curies":[{"name":"wp","href":"https:\/\/api.w.org\/{rel}","templated":true}]}}