{"id":6510,"date":"2021-06-03T15:02:34","date_gmt":"2021-06-03T15:02:34","guid":{"rendered":"https:\/\/meditic.facmed.unam.mx\/?page_id=6510"},"modified":"2021-06-04T00:02:14","modified_gmt":"2021-06-04T00:02:14","slug":"congrinterval","status":"publish","type":"page","link":"https:\/\/meditic.facmed.unam.mx\/index.php\/congrinterval\/","title":{"rendered":"3er. Congreso Internacional de Evaluaci\u00f3n: La Evaluaci\u00f3n Educativa en Ciencias de la Salud Durante la Pandemia 2021"},"content":{"rendered":"<p>[et_pb_section fb_built=&#8221;1&#8243; _builder_version=&#8221;4.4.2&#8243; background_color=&#8221;#ad4e8a&#8221; custom_margin=&#8221;||||false|false&#8221; custom_padding=&#8221;30px||30px||false|false&#8221;][et_pb_row _builder_version=&#8221;4.4.2&#8243;][et_pb_column type=&#8221;4_4&#8243; _builder_version=&#8221;4.4.2&#8243;][et_pb_text _builder_version=&#8221;4.4.2&#8243; header_font=&#8221;Montserrat||||||||&#8221; header_text_align=&#8221;center&#8221; header_text_color=&#8221;#ffffff&#8221; header_font_size=&#8221;40px&#8221; header_2_font=&#8221;Montserrat||||||||&#8221; header_2_text_align=&#8221;center&#8221;]<\/p>\n<h1>Eventos en l\u00ednea<\/h1>\n<p>[\/et_pb_text][\/et_pb_column][\/et_pb_row][et_pb_row _builder_version=&#8221;4.4.2&#8243;][et_pb_column type=&#8221;4_4&#8243; _builder_version=&#8221;4.4.2&#8243;][et_pb_text _builder_version=&#8221;4.4.2&#8243; text_text_color=&#8221;#ffffff&#8221; text_font_size=&#8221;19px&#8221;]<\/p>\n<p>Programaci\u00f3n de eventos a los que puedes acceder a trav\u00e9s de Internet.<\/p>\n<p>[\/et_pb_text][\/et_pb_column][\/et_pb_row][\/et_pb_section][et_pb_section fb_built=&#8221;1&#8243; _builder_version=&#8221;4.4.2&#8243; background_color=&#8221;#993b99&#8243;][et_pb_row _builder_version=&#8221;4.4.2&#8243;][et_pb_column type=&#8221;4_4&#8243; _builder_version=&#8221;4.4.2&#8243;][et_pb_text _builder_version=&#8221;4.4.2&#8243; header_2_font=&#8221;Montserrat|600|||||||&#8221; header_2_text_color=&#8221;#ffffff&#8221;]<\/p>\n<h2>3er. Congreso Internacional de Evaluaci\u00f3n: La Evaluaci\u00f3n Educativa en Ciencias de la Salud Durante la Pandemia 2021<\/h2>\n<p>[\/et_pb_text][\/et_pb_column][\/et_pb_row][et_pb_row column_structure=&#8221;1_3,1_3,1_3&#8243; _builder_version=&#8221;4.4.2&#8243;][et_pb_column type=&#8221;1_3&#8243; _builder_version=&#8221;4.4.2&#8243;][et_pb_image src=&#8221;https:\/\/meditic.facmed.unam.mx\/wp-content\/uploads\/2021\/06\/3ercongres_0306a.jpg&#8221; url=&#8221;https:\/\/bit.ly\/3sOi3KS&#8221; url_new_window=&#8221;on&#8221; align=&#8221;center&#8221; _builder_version=&#8221;4.4.2&#8243; custom_margin=&#8221;||10px||false|false&#8221;][\/et_pb_image][et_pb_text _builder_version=&#8221;4.4.2&#8243; text_font=&#8221;Montserrat||||||||&#8221; text_text_color=&#8221;#ffffff&#8221; text_font_size=&#8221;16px&#8221; text_orientation=&#8221;center&#8221; custom_margin=&#8221;0px||10px||false|false&#8221;]Conferencia Magistral: Innovaci\u00f3n educativa en el desarrollo de la evaluaci\u00f3n del y para el aprendizaje en tiempos de COVID-19[\/et_pb_text][\/et_pb_column][et_pb_column type=&#8221;1_3&#8243; _builder_version=&#8221;4.4.2&#8243;][et_pb_image src=&#8221;https:\/\/meditic.facmed.unam.mx\/wp-content\/uploads\/2021\/06\/3ercongres_0306b.jpg&#8221; url=&#8221;https:\/\/bit.ly\/3xeJxgd&#8221; url_new_window=&#8221;on&#8221; align=&#8221;center&#8221; _builder_version=&#8221;4.4.2&#8243; custom_margin=&#8221;||10px||false|false&#8221;][\/et_pb_image][et_pb_text _builder_version=&#8221;4.4.2&#8243; text_font=&#8221;Montserrat||||||||&#8221; text_text_color=&#8221;#ffffff&#8221; text_font_size=&#8221;16px&#8221; text_orientation=&#8221;center&#8221; min_height=&#8221;32px&#8221; custom_margin=&#8221;0px||10px||false|false&#8221;]Conferencia Psicoeducativa: Reducir la fatiga de videoconferencias y cuidar la salud para un mejor desempe\u00f1o en la evaluaci\u00f3n[\/et_pb_text][\/et_pb_column][et_pb_column type=&#8221;1_3&#8243; _builder_version=&#8221;4.4.2&#8243;][et_pb_image src=&#8221;https:\/\/meditic.facmed.unam.mx\/wp-content\/uploads\/2021\/06\/3ercongres_0306c.jpg&#8221; url=&#8221;https:\/\/bit.ly\/3dH6QaH&#8221; url_new_window=&#8221;on&#8221; align=&#8221;center&#8221; _builder_version=&#8221;4.4.2&#8243; custom_margin=&#8221;||10px||false|false&#8221;][\/et_pb_image][et_pb_text _builder_version=&#8221;4.4.2&#8243; text_font=&#8221;Montserrat||||||||&#8221; text_text_color=&#8221;#ffffff&#8221; text_font_size=&#8221;16px&#8221; text_orientation=&#8221;center&#8221; custom_margin=&#8221;0px||10px||false|false&#8221;]Conferencia Magistral: Educaci\u00f3n M\u00e9dica post- COVID-19[\/et_pb_text][\/et_pb_column][\/et_pb_row][et_pb_row column_structure=&#8221;1_3,1_3,1_3&#8243; _builder_version=&#8221;4.4.2&#8243;][et_pb_column type=&#8221;1_3&#8243; _builder_version=&#8221;4.4.2&#8243;][et_pb_image src=&#8221;https:\/\/meditic.facmed.unam.mx\/wp-content\/uploads\/2021\/06\/3ercongres_0306d.jpg&#8221; url=&#8221;https:\/\/bit.ly\/3n5SIuP&#8221; url_new_window=&#8221;on&#8221; align=&#8221;center&#8221; _builder_version=&#8221;4.4.2&#8243; custom_margin=&#8221;||10px||false|false&#8221;][\/et_pb_image][et_pb_text _builder_version=&#8221;4.4.2&#8243; text_font=&#8221;Montserrat||||||||&#8221; text_text_color=&#8221;#ffffff&#8221; text_font_size=&#8221;16px&#8221; text_orientation=&#8221;center&#8221; custom_margin=&#8221;0px||10px||false|false&#8221;]Conferencia Psicoeducativa: La identidad profesional docente ante el cambio de la pr\u00e1ctica presencial a la educaci\u00f3n remota: repercusiones en la evaluaci\u00f3n[\/et_pb_text][\/et_pb_column][et_pb_column type=&#8221;1_3&#8243; _builder_version=&#8221;4.4.2&#8243;][et_pb_image src=&#8221;https:\/\/meditic.facmed.unam.mx\/wp-content\/uploads\/2021\/06\/3ercongres_0306j.jpg&#8221; url=&#8221;https:\/\/bit.ly\/32uX3hM&#8221; url_new_window=&#8221;on&#8221; align=&#8221;center&#8221; _builder_version=&#8221;4.4.2&#8243; custom_margin=&#8221;||10px||false|false&#8221;][\/et_pb_image][et_pb_text _builder_version=&#8221;4.4.2&#8243; text_font=&#8221;Montserrat||||||||&#8221; text_text_color=&#8221;#ffffff&#8221; text_font_size=&#8221;16px&#8221; text_orientation=&#8221;center&#8221; custom_margin=&#8221;0px||10px||false|false&#8221;]Conferencia Magistral: Experiencias en el desarrollo de estrategias de evaluaci\u00f3n educativa en l\u00ednea durante la pandemia por COVID-19[\/et_pb_text][\/et_pb_column][et_pb_column type=&#8221;1_3&#8243; _builder_version=&#8221;4.4.2&#8243;][et_pb_image src=&#8221;https:\/\/meditic.facmed.unam.mx\/wp-content\/uploads\/2021\/06\/3ercongres_0306f.jpg&#8221; url=&#8221;https:\/\/bit.ly\/32hzeKa&#8221; url_new_window=&#8221;on&#8221; align=&#8221;center&#8221; _builder_version=&#8221;4.4.2&#8243; custom_margin=&#8221;||10px||false|false&#8221;][\/et_pb_image][et_pb_text _builder_version=&#8221;4.4.2&#8243; text_font=&#8221;Montserrat||||||||&#8221; text_text_color=&#8221;#ffffff&#8221; text_font_size=&#8221;16px&#8221; text_orientation=&#8221;center&#8221; custom_margin=&#8221;0px||10px||false|false&#8221;]Conferencia Magistral: Avances conceptuales y metodol\u00f3gicos en la evaluaci\u00f3n de constructos complejos[\/et_pb_text][\/et_pb_column][\/et_pb_row][et_pb_row column_structure=&#8221;1_3,1_3,1_3&#8243; _builder_version=&#8221;4.4.2&#8243;][et_pb_column type=&#8221;1_3&#8243; _builder_version=&#8221;4.4.2&#8243;][et_pb_image src=&#8221;https:\/\/meditic.facmed.unam.mx\/wp-content\/uploads\/2021\/06\/3ercongres_0306g.jpg&#8221; url=&#8221;https:\/\/bit.ly\/3tpYmtW&#8221; url_new_window=&#8221;on&#8221; align=&#8221;center&#8221; _builder_version=&#8221;4.4.2&#8243; custom_margin=&#8221;||10px||false|false&#8221;][\/et_pb_image][et_pb_text _builder_version=&#8221;4.4.2&#8243; text_font=&#8221;Montserrat||||||||&#8221; text_text_color=&#8221;#ffffff&#8221; text_font_size=&#8221;16px&#8221; text_orientation=&#8221;center&#8221; custom_margin=&#8221;0px||10px||false|false&#8221;]Conferencia Psicoeducativa: C\u00f3mo desarrollar la resiliencia acad\u00e9mica ante la evaluaci\u00f3n del y para el aprendizaje[\/et_pb_text][\/et_pb_column][et_pb_column type=&#8221;1_3&#8243; _builder_version=&#8221;4.4.2&#8243;][et_pb_image src=&#8221;https:\/\/meditic.facmed.unam.mx\/wp-content\/uploads\/2021\/06\/3ercongres_0306h.jpg&#8221; url=&#8221;https:\/\/bit.ly\/3e4hxmQ&#8221; url_new_window=&#8221;on&#8221; align=&#8221;center&#8221; _builder_version=&#8221;4.4.2&#8243; custom_margin=&#8221;||10px||false|false&#8221;][\/et_pb_image][et_pb_text _builder_version=&#8221;4.4.2&#8243; text_font=&#8221;Montserrat||||||||&#8221; text_text_color=&#8221;#ffffff&#8221; text_font_size=&#8221;16px&#8221; text_orientation=&#8221;center&#8221; custom_margin=&#8221;0px||10px||false|false&#8221;]Conferencia Magistral: Evaluando la investigaci\u00f3n cualitativa en tiempos de pandemia[\/et_pb_text][\/et_pb_column][et_pb_column type=&#8221;1_3&#8243; _builder_version=&#8221;4.4.2&#8243;][et_pb_image src=&#8221;https:\/\/meditic.facmed.unam.mx\/wp-content\/uploads\/2021\/06\/3ercongres_0306i.jpg&#8221; url=&#8221;https:\/\/bit.ly\/3mMradU&#8221; url_new_window=&#8221;on&#8221; align=&#8221;center&#8221; _builder_version=&#8221;4.4.2&#8243; custom_margin=&#8221;||10px||false|false&#8221;][\/et_pb_image][et_pb_text _builder_version=&#8221;4.4.2&#8243; text_font=&#8221;Montserrat||||||||&#8221; text_text_color=&#8221;#ffffff&#8221; text_font_size=&#8221;16px&#8221; text_orientation=&#8221;center&#8221; custom_margin=&#8221;0px||10px||false|false&#8221;]Conferencia Psicoeducativa:  La transformaci\u00f3n de la evaluaci\u00f3n para el aprendizaje, una aliada en el proceso educativo[\/et_pb_text][\/et_pb_column][\/et_pb_row][et_pb_row column_structure=&#8221;1_3,1_3,1_3&#8243; _builder_version=&#8221;4.4.2&#8243;][et_pb_column type=&#8221;1_3&#8243; _builder_version=&#8221;4.4.2&#8243;][et_pb_image src=&#8221;https:\/\/meditic.facmed.unam.mx\/wp-content\/uploads\/2021\/06\/3ercongres_0306k.jpg&#8221; url=&#8221;https:\/\/bit.ly\/3uNiwOZ&#8221; url_new_window=&#8221;on&#8221; align=&#8221;center&#8221; _builder_version=&#8221;4.4.2&#8243; custom_margin=&#8221;||10px||false|false&#8221;][\/et_pb_image][et_pb_text _builder_version=&#8221;4.4.2&#8243; text_font=&#8221;Montserrat||||||||&#8221; text_text_color=&#8221;#ffffff&#8221; text_font_size=&#8221;16px&#8221; text_orientation=&#8221;center&#8221; custom_margin=&#8221;0px||10px||false|false&#8221;]Conferencia Magistral: Al encuentro del futuro de la educaci\u00f3n m\u00e9dica[\/et_pb_text][\/et_pb_column][et_pb_column type=&#8221;1_3&#8243; _builder_version=&#8221;4.4.2&#8243;][et_pb_image src=&#8221;https:\/\/meditic.facmed.unam.mx\/wp-content\/uploads\/2021\/06\/3ercongres_0306l.jpg&#8221; url=&#8221;https:\/\/bit.ly\/3uNiwOZ&#8221; url_new_window=&#8221;on&#8221; align=&#8221;center&#8221; _builder_version=&#8221;4.4.2&#8243; custom_margin=&#8221;||10px||false|false&#8221;][\/et_pb_image][et_pb_text _builder_version=&#8221;4.4.2&#8243; text_font=&#8221;Montserrat||||||||&#8221; text_text_color=&#8221;#ffffff&#8221; text_font_size=&#8221;16px&#8221; text_orientation=&#8221;center&#8221; custom_margin=&#8221;0px||10px||false|false&#8221;]Inauguraci\u00f3n 3er. Congreso Internacional de Evaluaci\u00f3n: La Evaluaci\u00f3n Educativa en Ciencias de la Salud Durante la Pandemia 2021[\/et_pb_text][\/et_pb_column][et_pb_column type=&#8221;1_3&#8243; _builder_version=&#8221;4.4.2&#8243;][\/et_pb_column][\/et_pb_row][\/et_pb_section]<\/p>\n","protected":false},"excerpt":{"rendered":"<p>Eventos en l\u00edneaProgramaci\u00f3n de eventos a los que puedes acceder a trav\u00e9s de Internet.3er. Congreso Internacional de Evaluaci\u00f3n: La Evaluaci\u00f3n Educativa en Ciencias de la Salud Durante la Pandemia 2021Conferencia Magistral: Innovaci\u00f3n educativa en el desarrollo de la evaluaci\u00f3n del y para el aprendizaje en tiempos de COVID-19Conferencia Psicoeducativa: Reducir la fatiga de videoconferencias y [&hellip;]<\/p>\n","protected":false},"author":1,"featured_media":0,"parent":0,"menu_order":0,"comment_status":"closed","ping_status":"closed","template":"","meta":{"_et_pb_use_builder":"on","_et_pb_old_content":"","_et_gb_content_width":"","footnotes":""},"_links":{"self":[{"href":"https:\/\/meditic.facmed.unam.mx\/index.php\/wp-json\/wp\/v2\/pages\/6510"}],"collection":[{"href":"https:\/\/meditic.facmed.unam.mx\/index.php\/wp-json\/wp\/v2\/pages"}],"about":[{"href":"https:\/\/meditic.facmed.unam.mx\/index.php\/wp-json\/wp\/v2\/types\/page"}],"author":[{"embeddable":true,"href":"https:\/\/meditic.facmed.unam.mx\/index.php\/wp-json\/wp\/v2\/users\/1"}],"replies":[{"embeddable":true,"href":"https:\/\/meditic.facmed.unam.mx\/index.php\/wp-json\/wp\/v2\/comments?post=6510"}],"version-history":[{"count":4,"href":"https:\/\/meditic.facmed.unam.mx\/index.php\/wp-json\/wp\/v2\/pages\/6510\/revisions"}],"predecessor-version":[{"id":6530,"href":"https:\/\/meditic.facmed.unam.mx\/index.php\/wp-json\/wp\/v2\/pages\/6510\/revisions\/6530"}],"wp:attachment":[{"href":"https:\/\/meditic.facmed.unam.mx\/index.php\/wp-json\/wp\/v2\/media?parent=6510"}],"curies":[{"name":"wp","href":"https:\/\/api.w.org\/{rel}","templated":true}]}}