{"id":6822,"date":"2021-08-10T22:35:43","date_gmt":"2021-08-10T22:35:43","guid":{"rendered":"https:\/\/meditic.facmed.unam.mx\/?page_id=6822"},"modified":"2021-10-01T18:31:27","modified_gmt":"2021-10-01T18:31:27","slug":"progeticaybioetica","status":"publish","type":"page","link":"https:\/\/meditic.facmed.unam.mx\/index.php\/progeticaybioetica\/","title":{"rendered":"Programa Institucional de \u00c9tica y Bio\u00e9tica"},"content":{"rendered":"<p>[et_pb_section fb_built=&#8221;1&#8243; _builder_version=&#8221;4.4.2&#8243; background_color=&#8221;#ad4e8a&#8221; custom_margin=&#8221;||||false|false&#8221; custom_padding=&#8221;30px||30px||false|false&#8221;][et_pb_row _builder_version=&#8221;4.4.2&#8243;][et_pb_column type=&#8221;4_4&#8243; _builder_version=&#8221;4.4.2&#8243;][et_pb_text _builder_version=&#8221;4.4.2&#8243; header_font=&#8221;Montserrat||||||||&#8221; header_text_align=&#8221;center&#8221; header_text_color=&#8221;#ffffff&#8221; header_font_size=&#8221;40px&#8221; header_2_font=&#8221;Montserrat||||||||&#8221; header_2_text_align=&#8221;center&#8221;]<\/p>\n<h1>Eventos en l\u00ednea<\/h1>\n<p>[\/et_pb_text][\/et_pb_column][\/et_pb_row][et_pb_row _builder_version=&#8221;4.4.2&#8243;][et_pb_column type=&#8221;4_4&#8243; _builder_version=&#8221;4.4.2&#8243;][et_pb_text _builder_version=&#8221;4.4.2&#8243; text_text_color=&#8221;#ffffff&#8221; text_font_size=&#8221;19px&#8221;]<\/p>\n<p>Programaci\u00f3n de eventos a los que puedes acceder a trav\u00e9s de Internet.<\/p>\n<p>[\/et_pb_text][\/et_pb_column][\/et_pb_row][\/et_pb_section][et_pb_section fb_built=&#8221;1&#8243; _builder_version=&#8221;4.4.2&#8243; background_color=&#8221;#993b99&#8243;][et_pb_row _builder_version=&#8221;4.4.2&#8243;][et_pb_column type=&#8221;4_4&#8243; _builder_version=&#8221;4.4.2&#8243;][et_pb_text _builder_version=&#8221;4.4.2&#8243; header_2_font=&#8221;Montserrat|600|||||||&#8221; header_2_text_color=&#8221;#ffffff&#8221;]<\/p>\n<h2>Programa Institucional de \u00c9tica y Bio\u00e9tica <\/h2>\n<p>[\/et_pb_text][\/et_pb_column][\/et_pb_row][et_pb_row column_structure=&#8221;1_2,1_2&#8243; _builder_version=&#8221;4.4.2&#8243;][et_pb_column type=&#8221;1_2&#8243; _builder_version=&#8221;4.4.2&#8243;][et_pb_text _builder_version=&#8221;4.4.2&#8243; text_text_color=&#8221;#ffffff&#8221; header_4_font=&#8221;|600|||||||&#8221; header_4_text_color=&#8221;#ffffff&#8221; hover_enabled=&#8221;0&#8243;]<\/p>\n<h4>Conferencia &#8220;\u00c9tica, Investigaci\u00f3n y Pandemia&#8221;<\/h4>\n<p>La investigaci\u00f3n siempre debe hacerse con garant\u00edas \u00e9ticas, a\u00fan trat\u00e1ndose de una emergencia sanitaria. De esos hablaran el Dr. Carlos Enrique Yepes Delgado y la Dra. Marcela Agudelo Botero.<\/p>\n<p><a class=\"et_pb_button et_pb_button_3 et_pb_bg_layout_dark\" href=\"https:\/\/bit.ly\/3DL7UFK\" target=\"_blank\" rel=\"noopener noreferrer\">Ver grabaci\u00f3n por Facebook<\/a><\/p>\n<p><a class=\"et_pb_button et_pb_button_3 et_pb_bg_layout_dark\" href=\"https:\/\/bit.ly\/3yNviyl\" target=\"_blank\" rel=\"noopener noreferrer\">Ver grabaci\u00f3n por Youtube<\/a>[\/et_pb_text][\/et_pb_column][et_pb_column type=&#8221;1_2&#8243; _builder_version=&#8221;4.4.2&#8243;][et_pb_image src=&#8221;https:\/\/meditic.facmed.unam.mx\/wp-content\/uploads\/2021\/10\/pieb0110a.jpg&#8221; align=&#8221;center&#8221; _builder_version=&#8221;4.4.2&#8243; hover_enabled=&#8221;0&#8243;][\/et_pb_image][\/et_pb_column][\/et_pb_row][et_pb_row column_structure=&#8221;1_2,1_2&#8243; _builder_version=&#8221;4.4.2&#8243;][et_pb_column type=&#8221;1_2&#8243; _builder_version=&#8221;4.4.2&#8243;][et_pb_text _builder_version=&#8221;4.4.2&#8243; text_text_color=&#8221;#ffffff&#8221; header_4_font=&#8221;|600|||||||&#8221; header_4_text_color=&#8221;#ffffff&#8221;]<\/p>\n<h4>Cine Foro FacMed: Extremis, decisiones sobre el final de la vida<\/h4>\n<p>\u00bfYa viste Extremis? en esta primera sesi\u00f3n de Cine Foro FacMed estaremos debatiendo sobre las decisiones al final de la vida, bas\u00e1ndonos en este documental. Durante la transmisi\u00f3n regalaremos dos libros, acompa\u00f1a a la Dra. Jennifer Hincapie Sanchez.<\/p>\n<p><a class=\"et_pb_button et_pb_button_3 et_pb_bg_layout_dark\" href=\"https:\/\/acortar.link\/fO2GK\" target=\"_blank\" rel=\"noopener noreferrer\">Ver grabaci\u00f3n por Facebook<\/a><\/p>\n<p><a class=\"et_pb_button et_pb_button_3 et_pb_bg_layout_dark\" href=\"https:\/\/acortar.link\/ARUV1\" target=\"_blank\" rel=\"noopener noreferrer\">Ver grabaci\u00f3n por Youtube<\/a>[\/et_pb_text][\/et_pb_column][et_pb_column type=&#8221;1_2&#8243; _builder_version=&#8221;4.4.2&#8243;][et_pb_image src=&#8221;https:\/\/meditic.facmed.unam.mx\/wp-content\/uploads\/2021\/08\/pieybe100821.jpg&#8221; align=&#8221;center&#8221; _builder_version=&#8221;4.4.2&#8243;][\/et_pb_image][\/et_pb_column][\/et_pb_row][\/et_pb_section]<\/p>\n","protected":false},"excerpt":{"rendered":"<p>Eventos en l\u00edneaProgramaci\u00f3n de eventos a los que puedes acceder a trav\u00e9s de Internet.Programa Institucional de \u00c9tica y Bio\u00e9tica Conferencia &#8220;\u00c9tica, Investigaci\u00f3n y Pandemia&#8221; La investigaci\u00f3n siempre debe hacerse con garant\u00edas \u00e9ticas, a\u00fan trat\u00e1ndose de una emergencia sanitaria. De esos hablaran el Dr. Carlos Enrique Yepes Delgado y la Dra. Marcela Agudelo Botero. Ver grabaci\u00f3n [&hellip;]<\/p>\n","protected":false},"author":1,"featured_media":0,"parent":0,"menu_order":0,"comment_status":"closed","ping_status":"closed","template":"","meta":{"_et_pb_use_builder":"on","_et_pb_old_content":"","_et_gb_content_width":"","footnotes":""},"_links":{"self":[{"href":"https:\/\/meditic.facmed.unam.mx\/index.php\/wp-json\/wp\/v2\/pages\/6822"}],"collection":[{"href":"https:\/\/meditic.facmed.unam.mx\/index.php\/wp-json\/wp\/v2\/pages"}],"about":[{"href":"https:\/\/meditic.facmed.unam.mx\/index.php\/wp-json\/wp\/v2\/types\/page"}],"author":[{"embeddable":true,"href":"https:\/\/meditic.facmed.unam.mx\/index.php\/wp-json\/wp\/v2\/users\/1"}],"replies":[{"embeddable":true,"href":"https:\/\/meditic.facmed.unam.mx\/index.php\/wp-json\/wp\/v2\/comments?post=6822"}],"version-history":[{"count":4,"href":"https:\/\/meditic.facmed.unam.mx\/index.php\/wp-json\/wp\/v2\/pages\/6822\/revisions"}],"predecessor-version":[{"id":6911,"href":"https:\/\/meditic.facmed.unam.mx\/index.php\/wp-json\/wp\/v2\/pages\/6822\/revisions\/6911"}],"wp:attachment":[{"href":"https:\/\/meditic.facmed.unam.mx\/index.php\/wp-json\/wp\/v2\/media?parent=6822"}],"curies":[{"name":"wp","href":"https:\/\/api.w.org\/{rel}","templated":true}]}}