{"id":6963,"date":"2021-10-18T16:07:56","date_gmt":"2021-10-18T16:07:56","guid":{"rendered":"https:\/\/meditic.facmed.unam.mx\/?page_id=6963"},"modified":"2021-10-18T16:35:00","modified_gmt":"2021-10-18T16:35:00","slug":"confpsicoactivas","status":"publish","type":"page","link":"https:\/\/meditic.facmed.unam.mx\/index.php\/confpsicoactivas\/","title":{"rendered":"Conferencias de sustancias psicoactivas en contexto"},"content":{"rendered":"<p>[et_pb_section fb_built=&#8221;1&#8243; _builder_version=&#8221;4.4.2&#8243; background_color=&#8221;#ad4e8a&#8221; custom_margin=&#8221;||||false|false&#8221; custom_padding=&#8221;30px||30px||false|false&#8221;][et_pb_row _builder_version=&#8221;4.4.2&#8243;][et_pb_column type=&#8221;4_4&#8243; _builder_version=&#8221;4.4.2&#8243;][et_pb_text _builder_version=&#8221;4.4.2&#8243; header_font=&#8221;Montserrat||||||||&#8221; header_text_align=&#8221;center&#8221; header_text_color=&#8221;#ffffff&#8221; header_font_size=&#8221;40px&#8221; header_2_font=&#8221;Montserrat||||||||&#8221; header_2_text_align=&#8221;center&#8221;]<\/p>\n<h1>Eventos en l\u00ednea<\/h1>\n<p>[\/et_pb_text][\/et_pb_column][\/et_pb_row][et_pb_row _builder_version=&#8221;4.4.2&#8243;][et_pb_column type=&#8221;4_4&#8243; _builder_version=&#8221;4.4.2&#8243;][et_pb_text _builder_version=&#8221;4.4.2&#8243; text_text_color=&#8221;#ffffff&#8221; text_font_size=&#8221;19px&#8221;]<\/p>\n<p>Programaci\u00f3n de eventos a los que puedes acceder a trav\u00e9s de Internet.<\/p>\n<p>[\/et_pb_text][\/et_pb_column][\/et_pb_row][\/et_pb_section][et_pb_section fb_built=&#8221;1&#8243; _builder_version=&#8221;4.4.2&#8243; background_color=&#8221;#993b99&#8243;][et_pb_row _builder_version=&#8221;4.4.2&#8243;][et_pb_column type=&#8221;4_4&#8243; _builder_version=&#8221;4.4.2&#8243;][et_pb_text _builder_version=&#8221;4.4.2&#8243; header_2_font=&#8221;Montserrat|600|||||||&#8221; header_2_text_color=&#8221;#ffffff&#8221;]<\/p>\n<h2>Programa Institucional de \u00c9tica y Bio\u00e9tica <\/h2>\n<p>[\/et_pb_text][\/et_pb_column][\/et_pb_row][et_pb_row column_structure=&#8221;1_2,1_2&#8243; _builder_version=&#8221;4.4.2&#8243;][et_pb_column type=&#8221;1_2&#8243; _builder_version=&#8221;4.4.2&#8243;][et_pb_text _builder_version=&#8221;4.4.2&#8243; text_text_color=&#8221;#ffffff&#8221; header_4_font=&#8221;|600|||||||&#8221; header_4_text_color=&#8221;#ffffff&#8221; hover_enabled=&#8221;0&#8243;]<\/p>\n<h4>Sesi\u00f3n 3: Espiritualidad en el consumo de ayahuasca<\/h4>\n<p>Omar Contreras, chaman mestizo, nos cuenta el proceso al que se someten aquellos que desean convertirse en chamanes, las reglas que deben seguir y c\u00f3mo el consumo de la ayahuasca con enfoque espiritual les gu\u00eda para adquirir algunos de los conocimientos que utilizan como chamanes.<\/p>\n<p><a class=\"et_pb_button et_pb_button_3 et_pb_bg_layout_dark\" href=\"https:\/\/bit.ly\/2XjLlYi\" target=\"_blank\" rel=\"noopener noreferrer\">Ver grabaci\u00f3n por Facebook<\/a><\/p>\n<p><a class=\"et_pb_button et_pb_button_3 et_pb_bg_layout_dark\" href=\"https:\/\/bit.ly\/3n33jaq\" target=\"_blank\" rel=\"noopener noreferrer\">Ver grabaci\u00f3n por Youtube<\/a>[\/et_pb_text][\/et_pb_column][et_pb_column type=&#8221;1_2&#8243; _builder_version=&#8221;4.4.2&#8243;][et_pb_image src=&#8221;https:\/\/meditic.facmed.unam.mx\/wp-content\/uploads\/2021\/10\/cspc01a.jpg&#8221; align=&#8221;center&#8221; _builder_version=&#8221;4.4.2&#8243; hover_enabled=&#8221;0&#8243;][\/et_pb_image][\/et_pb_column][\/et_pb_row][et_pb_row column_structure=&#8221;1_2,1_2&#8243; _builder_version=&#8221;4.4.2&#8243;][et_pb_column type=&#8221;1_2&#8243; _builder_version=&#8221;4.4.2&#8243;][et_pb_text _builder_version=&#8221;4.4.2&#8243; text_text_color=&#8221;#ffffff&#8221; header_4_font=&#8221;|600|||||||&#8221; header_4_text_color=&#8221;#ffffff&#8221; hover_enabled=&#8221;0&#8243;]<\/p>\n<h4>Sesi\u00f3n 2: Consumo de hero\u00edna en la frontera norte de M\u00e9xico<\/h4>\n<p>El consumo de hero\u00edna y fentanilo en la frontera norte contin\u00faa en aumento. La Dra. Clara Fleiz Bautista, investigadora del Instituto Nacional de Psiquiatr\u00eda, habla acerca de estas drogas, sus efectos y las principales causas de consumo en la zona norte de nuestro pa\u00eds.<\/p>\n<p><a class=\"et_pb_button et_pb_button_3 et_pb_bg_layout_dark\" href=\"https:\/\/bit.ly\/3mxjlJb\" target=\"_blank\" rel=\"noopener noreferrer\">Ver grabaci\u00f3n por Facebook<\/a><\/p>\n<p><a class=\"et_pb_button et_pb_button_3 et_pb_bg_layout_dark\" href=\"https:\/\/bit.ly\/3BomWiO\" target=\"_blank\" rel=\"noopener noreferrer\">Ver grabaci\u00f3n por Youtube<\/a>[\/et_pb_text][\/et_pb_column][et_pb_column type=&#8221;1_2&#8243; _builder_version=&#8221;4.4.2&#8243;][et_pb_image src=&#8221;https:\/\/meditic.facmed.unam.mx\/wp-content\/uploads\/2021\/10\/cspc1810b.jpg&#8221; align=&#8221;center&#8221; _builder_version=&#8221;4.4.2&#8243; hover_enabled=&#8221;0&#8243;][\/et_pb_image][\/et_pb_column][\/et_pb_row][et_pb_row column_structure=&#8221;1_2,1_2&#8243; _builder_version=&#8221;4.4.2&#8243;][et_pb_column type=&#8221;1_2&#8243; _builder_version=&#8221;4.4.2&#8243;][et_pb_text _builder_version=&#8221;4.4.2&#8243; text_text_color=&#8221;#ffffff&#8221; header_4_font=&#8221;|600|||||||&#8221; header_4_text_color=&#8221;#ffffff&#8221; hover_enabled=&#8221;0&#8243;]<\/p>\n<h4>Sesi\u00f3n 1: Perspectiva antropol\u00f3gica de la reducci\u00f3n de da\u00f1os<\/h4>\n<p>El uso de sustancias adictivas es cada vez m\u00e1s com\u00fan en la sociedad moderna y conlleva grandes riegos para los consumidores. Aunque estos peligros no pueden ser eliminados, s\u00ed pueden ser reducidos mediante ciertas estrategias. El Mtro. Rub\u00e9n Diazconti nos comparte el m\u00e9todo de la reducci\u00f3n de da\u00f1os.<\/p>\n<p><a class=\"et_pb_button et_pb_button_3 et_pb_bg_layout_dark\" href=\"https:\/\/bit.ly\/2YeHmMT\" target=\"_blank\" rel=\"noopener noreferrer\">Ver grabaci\u00f3n por Facebook<\/a><\/p>\n<p><a class=\"et_pb_button et_pb_button_3 et_pb_bg_layout_dark\" href=\"https:\/\/bit.ly\/3uq9dph\" target=\"_blank\" rel=\"noopener noreferrer\">Ver grabaci\u00f3n por Youtube<\/a>[\/et_pb_text][\/et_pb_column][et_pb_column type=&#8221;1_2&#8243; _builder_version=&#8221;4.4.2&#8243;][et_pb_image src=&#8221;https:\/\/meditic.facmed.unam.mx\/wp-content\/uploads\/2021\/10\/cspc1810c.jpg&#8221; align=&#8221;center&#8221; _builder_version=&#8221;4.4.2&#8243; hover_enabled=&#8221;0&#8243;][\/et_pb_image][\/et_pb_column][\/et_pb_row][\/et_pb_section]<\/p>\n","protected":false},"excerpt":{"rendered":"<p>Eventos en l\u00edneaProgramaci\u00f3n de eventos a los que puedes acceder a trav\u00e9s de Internet.Programa Institucional de \u00c9tica y Bio\u00e9tica Sesi\u00f3n 3: Espiritualidad en el consumo de ayahuasca Omar Contreras, chaman mestizo, nos cuenta el proceso al que se someten aquellos que desean convertirse en chamanes, las reglas que deben seguir y c\u00f3mo el consumo de [&hellip;]<\/p>\n","protected":false},"author":1,"featured_media":0,"parent":0,"menu_order":0,"comment_status":"closed","ping_status":"closed","template":"","meta":{"_et_pb_use_builder":"on","_et_pb_old_content":"","_et_gb_content_width":"","footnotes":""},"_links":{"self":[{"href":"https:\/\/meditic.facmed.unam.mx\/index.php\/wp-json\/wp\/v2\/pages\/6963"}],"collection":[{"href":"https:\/\/meditic.facmed.unam.mx\/index.php\/wp-json\/wp\/v2\/pages"}],"about":[{"href":"https:\/\/meditic.facmed.unam.mx\/index.php\/wp-json\/wp\/v2\/types\/page"}],"author":[{"embeddable":true,"href":"https:\/\/meditic.facmed.unam.mx\/index.php\/wp-json\/wp\/v2\/users\/1"}],"replies":[{"embeddable":true,"href":"https:\/\/meditic.facmed.unam.mx\/index.php\/wp-json\/wp\/v2\/comments?post=6963"}],"version-history":[{"count":3,"href":"https:\/\/meditic.facmed.unam.mx\/index.php\/wp-json\/wp\/v2\/pages\/6963\/revisions"}],"predecessor-version":[{"id":6972,"href":"https:\/\/meditic.facmed.unam.mx\/index.php\/wp-json\/wp\/v2\/pages\/6963\/revisions\/6972"}],"wp:attachment":[{"href":"https:\/\/meditic.facmed.unam.mx\/index.php\/wp-json\/wp\/v2\/media?parent=6963"}],"curies":[{"name":"wp","href":"https:\/\/api.w.org\/{rel}","templated":true}]}}