{"id":782,"date":"2020-04-02T14:46:33","date_gmt":"2020-04-02T14:46:33","guid":{"rendered":"https:\/\/meditic.facmed.unam.mx\/?page_id=782"},"modified":"2020-11-26T20:26:32","modified_gmt":"2020-11-26T20:26:32","slug":"actualdocente","status":"publish","type":"page","link":"https:\/\/meditic.facmed.unam.mx\/index.php\/academicos\/actualdocente\/","title":{"rendered":"Actualizaci\u00f3n docente"},"content":{"rendered":"<p>[et_pb_section fb_built=&#8221;1&#8243; _builder_version=&#8221;4.4.2&#8243; background_color=&#8221;#009999&#8243; custom_margin=&#8221;||||false|false&#8221; custom_padding=&#8221;30px||30px||false|false&#8221;][et_pb_row _builder_version=&#8221;4.4.2&#8243;][et_pb_column type=&#8221;4_4&#8243; _builder_version=&#8221;4.4.2&#8243;][et_pb_text _builder_version=&#8221;4.4.2&#8243; header_font=&#8221;Montserrat||||||||&#8221; header_text_align=&#8221;center&#8221; header_text_color=&#8221;#ffffff&#8221; header_font_size=&#8221;40px&#8221; header_2_font=&#8221;Montserrat||||||||&#8221; header_2_text_align=&#8221;center&#8221;]<\/p>\n<h1>Actualizaci\u00f3n docente<\/h1>\n<p>[\/et_pb_text][\/et_pb_column][\/et_pb_row][\/et_pb_section][et_pb_section fb_built=&#8221;1&#8243; _builder_version=&#8221;4.4.2&#8243; background_image=&#8221;https:\/\/meditic.facmed.unam.mx\/wp-content\/uploads\/2020\/04\/fondobots01.jpg&#8221; custom_padding=&#8221;0px||0px||false|false&#8221;][et_pb_row column_structure=&#8221;1_3,1_3,1_3&#8243; _builder_version=&#8221;4.4.2&#8243;][et_pb_column type=&#8221;1_3&#8243; _builder_version=&#8221;4.4.2&#8243;][et_pb_button button_url=&#8221;https:\/\/meditic.facmed.unam.mx\/index.php\/academicos\/actualdocente\/#seccsem&#8221; button_text=&#8221;Secretar\u00eda de Educaci\u00f3n M\u00e9dica&#8221; button_alignment=&#8221;center&#8221; _builder_version=&#8221;4.4.2&#8243; custom_button=&#8221;on&#8221; button_text_size=&#8221;25px&#8221; button_border_width=&#8221;3px&#8221; button_border_radius=&#8221;10px&#8221; button_font=&#8221;Montserrat||||||||&#8221; button_use_icon=&#8221;off&#8221; background_layout=&#8221;dark&#8221; animation_style=&#8221;fade&#8221;][\/et_pb_button][\/et_pb_column][et_pb_column type=&#8221;1_3&#8243; _builder_version=&#8221;4.4.2&#8243;][et_pb_button button_url=&#8221;https:\/\/meditic.facmed.unam.mx\/index.php\/academicos\/actualdocente\/#seccsecyss&#8221; button_text=&#8221;Secretar\u00eda de Ense\u00f1anza Cl\u00ednica, Internado M\u00e9dico y Servicio Social&#8221; button_alignment=&#8221;center&#8221; _builder_version=&#8221;4.4.2&#8243; custom_button=&#8221;on&#8221; button_text_size=&#8221;25px&#8221; button_border_width=&#8221;3px&#8221; button_border_radius=&#8221;10px&#8221; button_font=&#8221;Montserrat||||||||&#8221; button_use_icon=&#8221;off&#8221; background_layout=&#8221;dark&#8221; animation_style=&#8221;fade&#8221;][\/et_pb_button][\/et_pb_column][et_pb_column type=&#8221;1_3&#8243; _builder_version=&#8221;4.4.2&#8243;][et_pb_button button_url=&#8221;https:\/\/meditic.facmed.unam.mx\/index.php\/academicos\/actualdocente\/#seccdicm&#8221; button_text=&#8221;Departamento de Integraci\u00f3n de Ciencias M\u00e9dicas&#8221; button_alignment=&#8221;center&#8221; _builder_version=&#8221;4.4.2&#8243; custom_button=&#8221;on&#8221; button_text_size=&#8221;25px&#8221; button_border_width=&#8221;3px&#8221; button_border_radius=&#8221;10px&#8221; button_font=&#8221;Montserrat||||||||&#8221; button_use_icon=&#8221;off&#8221; background_layout=&#8221;dark&#8221; custom_padding=&#8221;|0px||||&#8221; animation_style=&#8221;fade&#8221;][\/et_pb_button][\/et_pb_column][\/et_pb_row][\/et_pb_section][et_pb_section fb_built=&#8221;1&#8243; specialty=&#8221;on&#8221; module_id=&#8221;seccsem&#8221; _builder_version=&#8221;4.4.2&#8243; background_color=&#8221;#009999&#8243;][et_pb_column type=&#8221;1_3&#8243; _builder_version=&#8221;3.25&#8243; custom_padding=&#8221;|||&#8221; custom_padding__hover=&#8221;|||&#8221;][et_pb_image src=&#8221;https:\/\/meditic.facmed.unam.mx\/wp-content\/uploads\/2020\/04\/HEADER.jpg&#8221; _builder_version=&#8221;4.4.2&#8243;][\/et_pb_image][\/et_pb_column][et_pb_column type=&#8221;2_3&#8243; specialty_columns=&#8221;2&#8243; _builder_version=&#8221;3.25&#8243; custom_padding=&#8221;|||&#8221; custom_padding__hover=&#8221;|||&#8221;][et_pb_row_inner _builder_version=&#8221;4.4.2&#8243; custom_padding=&#8221;||0px||false|false&#8221;][et_pb_column_inner saved_specialty_column_type=&#8221;2_3&#8243; _builder_version=&#8221;4.4.2&#8243;][et_pb_text _builder_version=&#8221;4.4.2&#8243; header_2_font=&#8221;Montserrat||||||||&#8221; header_2_text_color=&#8221;#ffffff&#8221; header_3_text_align=&#8221;center&#8221;]<\/p>\n<h2>Secretar\u00eda de Educaci\u00f3n M\u00e9dica<\/h2>\n<p>[\/et_pb_text][\/et_pb_column_inner][\/et_pb_row_inner][et_pb_row_inner _builder_version=&#8221;4.4.2&#8243;][et_pb_column_inner saved_specialty_column_type=&#8221;2_3&#8243; _builder_version=&#8221;4.4.2&#8243;][et_pb_text _builder_version=&#8221;4.4.2&#8243; text_text_color=&#8221;#ffffff&#8221; text_font_size=&#8221;16px&#8221; background_layout=&#8221;dark&#8221;]<\/p>\n<table style=\"border-radius: 10px;\" border=\"5px\" cellspacing=\"0\" cellpadding=\"10px\">\n<tbody>\n<tr style=\"text-align: center;\">\n<td  width=\"50%\"><strong>Taller<\/strong><\/td>\n<td  width=\"50%\"><strong>Fechas<\/strong><\/td>\n<\/tr>\n<tr>\n<td>Taller de formaci\u00f3n y actualizaci\u00f3n docente en ciencias de la salud (TaFADoCS)<\/td>\n<td>\n<p>Del 23 de abril al 21 de mayo de 2020<\/p>\n<p>Del 19 de mayo al 16 de junio de 2020<\/p>\n<p>Del 1 al 29 de octubre de 2020<\/p>\n<\/td>\n<\/tr>\n<\/tbody>\n<\/table>\n<p>[\/et_pb_text][\/et_pb_column_inner][\/et_pb_row_inner][et_pb_row_inner _builder_version=&#8221;4.4.2&#8243;][et_pb_column_inner saved_specialty_column_type=&#8221;2_3&#8243; _builder_version=&#8221;4.4.2&#8243;][et_pb_text _builder_version=&#8221;4.4.2&#8243; header_3_font=&#8221;Montserrat||||||||&#8221; header_3_text_align=&#8221;center&#8221; header_3_text_color=&#8221;#ffffff&#8221; header_3_line_height=&#8221;1.3em&#8221; custom_margin=&#8221;||4px||false|false&#8221;]<\/p>\n<h3>Talleres de Capacitaci\u00f3n y Actualizaci\u00f3n Docente<br \/>del primer semestre 2020<br \/>(UDA-SEM)<\/h3>\n<p>[\/et_pb_text][et_pb_text _builder_version=&#8221;4.4.2&#8243; text_text_color=&#8221;#ffffff&#8221; text_font_size=&#8221;16px&#8221; background_layout=&#8221;dark&#8221;]<\/p>\n<table style=\"border-radius: 10px;\" border=\"5px\" cellspacing=\"0\" cellpadding=\"10px\">\n<tbody>\n<tr style=\"text-align: center;\">\n<td width=\"50%\"><strong>Taller<\/strong><\/td>\n<td width=\"50%\"><strong>Fechas<\/strong><\/td>\n<\/tr>\n<tr >\n<td>Fuentes de evidencia de validez en evaluaci\u00f3n<\/td>\n<td>Del 23 de marzo al 20 de abril de 2020<\/td>\n<\/tr>\n<tr>\n<td>APPrendizaje en educaci\u00f3n m\u00e9dica<\/td>\n<td>Del 24 de marzo al 21 de abril de 2020<\/td>\n<\/tr>\n<tr>\n<td>T\u00e9cnicas de investigaci\u00f3n cualitativa<\/td>\n<td>Del 14 de abril al 14 de mayo de 2020<\/td>\n<\/tr>\n<\/tbody>\n<\/table>\n<p>[\/et_pb_text][\/et_pb_column_inner][\/et_pb_row_inner][et_pb_row_inner _builder_version=&#8221;4.4.2&#8243;][et_pb_column_inner saved_specialty_column_type=&#8221;2_3&#8243; _builder_version=&#8221;4.4.2&#8243;][et_pb_text _builder_version=&#8221;4.4.2&#8243; header_3_font=&#8221;Montserrat||||||||&#8221; header_3_text_align=&#8221;center&#8221; header_3_text_color=&#8221;#ffffff&#8221; header_3_line_height=&#8221;1.3em&#8221; custom_margin=&#8221;||4px||false|false&#8221;]<\/p>\n<h3>Oferta acad\u00e9mica virtual 2020 PASD<br \/>(DGAPA)<\/h3>\n<p>[\/et_pb_text][et_pb_text _builder_version=&#8221;4.4.2&#8243; text_text_color=&#8221;#ffffff&#8221; text_font_size=&#8221;16px&#8221; background_layout=&#8221;dark&#8221;]<\/p>\n<table style=\"border-radius: 10px;\" border=\"5px\" cellspacing=\"0\" cellpadding=\"10px\">\n<tbody>\n<tr style=\"text-align: center;\">\n<td width=\"50%\"><strong>Taller<\/strong><\/td>\n<td width=\"50%\"><strong>Fechas<\/strong><\/td>\n<\/tr>\n<tr >\n<td>Tutor\u00eda individual<\/td>\n<td>Del 20 de abril al 4 de mayo de 2020<\/td>\n<\/tr>\n<tr>\n<td>Did\u00e1ctic@ en la Web 2.0<\/td>\n<td>Del 4 de mayo al 8 de junio de 2020<\/td>\n<\/tr>\n<tr>\n<td>Metodolog\u00edas de la investigaci\u00f3n en educaci\u00f3n<\/td>\n<td>Del 19 de mayo al 19 de junio de 2020<\/td>\n<\/tr>\n<tr>\n<td>Introducci\u00f3n a la acci\u00f3n tutorial<\/td>\n<td>Del 1 al 12 de junio de 2020<\/td>\n<\/tr>\n<tr>\n<td>Las neurociencias detr\u00e1s de la evaluaci\u00f3n:<br \/>Entendiendo al cerebro en examen<\/td>\n<td>Del 1 al 26 de junio de 2020<\/td>\n<\/tr>\n<tr>\n<td>Estrategias did\u00e1cticas en ciencias de la salud<\/td>\n<td>Del 6 de agosto al 17 de septiembre de 2020<\/td>\n<\/tr>\n<\/tbody>\n<\/table>\n<p>[\/et_pb_text][et_pb_button button_url=&#8221;https:\/\/sem.facmed.unam.mx\/SIRIUDA\/&#8221; url_new_window=&#8221;on&#8221; button_text=&#8221;M\u00e1s informaci\u00f3n de la oferta de actualizaci\u00f3n docente de la SEM&#8221; button_alignment=&#8221;center&#8221; _builder_version=&#8221;4.4.2&#8243; background_layout=&#8221;dark&#8221; custom_margin=&#8221;30px||||false|false&#8221;][\/et_pb_button][\/et_pb_column_inner][\/et_pb_row_inner][\/et_pb_column][\/et_pb_section][et_pb_section fb_built=&#8221;1&#8243; specialty=&#8221;on&#8221; module_id=&#8221;seccsecyss&#8221; _builder_version=&#8221;4.4.2&#8243; background_color=&#8221;#009999&#8243;][et_pb_column type=&#8221;1_3&#8243; _builder_version=&#8221;3.25&#8243; custom_padding=&#8221;|||&#8221; custom_padding__hover=&#8221;|||&#8221;][et_pb_image src=&#8221;https:\/\/meditic.facmed.unam.mx\/wp-content\/uploads\/2020\/04\/secyss.png&#8221; _builder_version=&#8221;4.4.2&#8243;][\/et_pb_image][\/et_pb_column][et_pb_column type=&#8221;2_3&#8243; specialty_columns=&#8221;2&#8243; _builder_version=&#8221;3.25&#8243; custom_padding=&#8221;|||&#8221; custom_padding__hover=&#8221;|||&#8221;][et_pb_row_inner _builder_version=&#8221;4.4.2&#8243; custom_padding=&#8221;||0px||false|false&#8221;][et_pb_column_inner saved_specialty_column_type=&#8221;2_3&#8243; _builder_version=&#8221;4.4.2&#8243;][et_pb_text _builder_version=&#8221;4.4.2&#8243; header_2_font=&#8221;Montserrat||||||||&#8221; header_2_text_color=&#8221;#ffffff&#8221; header_2_line_height=&#8221;1.3em&#8221; header_3_text_align=&#8221;center&#8221;]<\/p>\n<h2>Secretar\u00eda de Ense\u00f1anza Cl\u00ednica, Internado M\u00e9dico y Servicio Social<\/h2>\n<p>[\/et_pb_text][\/et_pb_column_inner][\/et_pb_row_inner][et_pb_row_inner column_structure=&#8221;1_2,1_2&#8243; _builder_version=&#8221;4.4.2&#8243;][et_pb_column_inner type=&#8221;1_2&#8243; saved_specialty_column_type=&#8221;2_3&#8243; _builder_version=&#8221;4.4.2&#8243;][et_pb_text _builder_version=&#8221;4.4.2&#8243; text_text_color=&#8221;#ffffff&#8221;]<\/p>\n<p style=\"text-align: center;\"><strong>Cursos<\/strong><\/p>\n<ol>\n<li>Formaci\u00f3n y actualizaci\u00f3n docente en ciencias de la salud<\/li>\n<li>Planeaci\u00f3n did\u00e1ctica de la asignatura<\/li>\n<li>Dise\u00f1o y elaboraci\u00f3n de instrumentos de evaluaci\u00f3n de la competencia cl\u00ednica<\/li>\n<li>Acceso a fuentes de informaci\u00f3n electr\u00f3nicas<\/li>\n<li>El profesor como tutor cl\u00ednico<\/li>\n<li>Comunicaci\u00f3n en el proceso de ense\u00f1anza-aprendizaje de la cl\u00ednica<\/li>\n<li>MEDAPROC en la cl\u00ednica<\/li>\n<li>Introducci\u00f3n a la metodolog\u00eda de la investigaci\u00f3n<\/li>\n<\/ol>\n<p>[\/et_pb_text][\/et_pb_column_inner][et_pb_column_inner type=&#8221;1_2&#8243; saved_specialty_column_type=&#8221;2_3&#8243; _builder_version=&#8221;4.4.2&#8243;][et_pb_text _builder_version=&#8221;4.4.2&#8243; text_text_color=&#8221;#ffffff&#8221;]<\/p>\n<p style=\"text-align: center;\"><strong>Fechas 2020<\/strong><\/p>\n<p>11 de mayo \u2013 21 de junio<\/p>\n<p>3 de agosto \u2013 13 de septiembre<\/p>\n<p>28 de septiembre \u2013 8 de noviembre<\/p>\n<p>[\/et_pb_text][et_pb_text _builder_version=&#8221;4.4.2&#8243; text_text_color=&#8221;#ffffff&#8221;]<\/p>\n<p style=\"text-align: center;\"><strong>Requisitos<\/strong><\/p>\n<ul>\n<li>Nombre completo<\/li>\n<li>Sede de adscripci\u00f3n<\/li>\n<li>Asignatura que imparte<\/li>\n<li>Grupo asignado<\/li>\n<li>Tel\u00e9fono de contacto<\/li>\n<li>Propuesta de la asignatura que impartir\u00e1, emitida por el Jefe de Ense\u00f1anza de su sede<\/li>\n<li>Correo electr\u00f3nico<\/li>\n<li>N\u00famero de trabajador UNAM (curso 4)<\/li>\n<\/ul>\n<p>Env\u00eda correo electr\u00f3nico a:<br \/><em>secim.pmcd@gmail.com<\/em><\/p>\n<p>[\/et_pb_text][\/et_pb_column_inner][\/et_pb_row_inner][\/et_pb_column][\/et_pb_section][et_pb_section fb_built=&#8221;1&#8243; specialty=&#8221;on&#8221; module_id=&#8221;seccdicm&#8221; _builder_version=&#8221;4.4.2&#8243; background_color=&#8221;#009999&#8243;][et_pb_column type=&#8221;1_3&#8243; _builder_version=&#8221;3.25&#8243; custom_padding=&#8221;|||&#8221; custom_padding__hover=&#8221;|||&#8221;][et_pb_image src=&#8221;https:\/\/meditic.facmed.unam.mx\/wp-content\/uploads\/2020\/04\/DICiM_Logo.png&#8221; _builder_version=&#8221;4.4.2&#8243;][\/et_pb_image][\/et_pb_column][et_pb_column type=&#8221;2_3&#8243; specialty_columns=&#8221;2&#8243; _builder_version=&#8221;3.25&#8243; custom_padding=&#8221;|||&#8221; custom_padding__hover=&#8221;|||&#8221;][et_pb_row_inner _builder_version=&#8221;4.4.2&#8243; custom_padding=&#8221;||0px||false|false&#8221;][et_pb_column_inner saved_specialty_column_type=&#8221;2_3&#8243; _builder_version=&#8221;4.4.2&#8243;][et_pb_text _builder_version=&#8221;4.4.2&#8243; header_2_font=&#8221;Montserrat||||||||&#8221; header_2_text_color=&#8221;#ffffff&#8221; header_3_text_align=&#8221;center&#8221;]<\/p>\n<h2>Departamento de Integraci\u00f3n de Ciencias M\u00e9dicas<\/h2>\n<p>[\/et_pb_text][\/et_pb_column_inner][\/et_pb_row_inner][et_pb_row_inner _builder_version=&#8221;4.4.2&#8243;][et_pb_column_inner saved_specialty_column_type=&#8221;2_3&#8243; _builder_version=&#8221;4.4.2&#8243;][et_pb_text _builder_version=&#8221;4.4.2&#8243; header_3_font=&#8221;Montserrat||||||||&#8221; header_3_text_align=&#8221;center&#8221; header_3_text_color=&#8221;#ffffff&#8221; header_3_line_height=&#8221;1.3em&#8221; custom_margin=&#8221;||4px||false|false&#8221;]<\/p>\n<h3>Cursos en la plataforma Moodle DICIM\/DGPA<\/h3>\n<p>[\/et_pb_text][et_pb_text _builder_version=&#8221;4.4.2&#8243; text_text_color=&#8221;#ffffff&#8221; text_font_size=&#8221;16px&#8221; background_layout=&#8221;dark&#8221;]<\/p>\n<table style=\"border-radius: 10px;\" border=\"5px\" cellspacing=\"0\" cellpadding=\"10px\">\n<tbody>\n<tr style=\"text-align: center;\">\n<td width=\"50%\"><strong>Taller<\/strong><\/td>\n<td width=\"50%\"><strong>Fechas<\/strong><\/td>\n<\/tr>\n<tr>\n<td>Evaluaci\u00f3n de competencias con simulaci\u00f3n cl\u00ednica<\/td>\n<td>Del 20 de abril al 8 de mayo de 2020<\/td>\n<\/tr>\n<tr>\n<td>Dise\u00f1o de reactivos de opci\u00f3n m\u00faltiple<\/td>\n<td>Del 17 de abril al 18 de mayo de 2020<\/td>\n<\/tr>\n<tr>\n<td>Did\u00e1ctica para la Web 2.0\u00a0<\/td>\n<td>Del 4 de mayo al 8 de junio de 2020<\/td>\n<\/tr>\n<tr>\n<td>Introducci\u00f3n a la simulaci\u00f3n<\/td>\n<td>Del 2 al 27 de junio de 2020<\/td>\n<\/tr>\n<\/tbody>\n<\/table>\n<p>[\/et_pb_text][\/et_pb_column_inner][\/et_pb_row_inner][\/et_pb_column][\/et_pb_section]<\/p>\n","protected":false},"excerpt":{"rendered":"<p>Actualizaci\u00f3n docenteSecretar\u00eda de Educaci\u00f3n M\u00e9dica Taller Fechas Taller de formaci\u00f3n y actualizaci\u00f3n docente en ciencias de la salud (TaFADoCS) Del 23 de abril al 21 de mayo de 2020Del 19 de mayo al 16 de junio de 2020Del 1 al 29 de octubre de 2020 Talleres de Capacitaci\u00f3n y Actualizaci\u00f3n Docentedel primer semestre 2020(UDA-SEM) Taller [&hellip;]<\/p>\n","protected":false},"author":1,"featured_media":0,"parent":107,"menu_order":0,"comment_status":"closed","ping_status":"closed","template":"","meta":{"_et_pb_use_builder":"on","_et_pb_old_content":"","_et_gb_content_width":"","footnotes":""},"_links":{"self":[{"href":"https:\/\/meditic.facmed.unam.mx\/index.php\/wp-json\/wp\/v2\/pages\/782"}],"collection":[{"href":"https:\/\/meditic.facmed.unam.mx\/index.php\/wp-json\/wp\/v2\/pages"}],"about":[{"href":"https:\/\/meditic.facmed.unam.mx\/index.php\/wp-json\/wp\/v2\/types\/page"}],"author":[{"embeddable":true,"href":"https:\/\/meditic.facmed.unam.mx\/index.php\/wp-json\/wp\/v2\/users\/1"}],"replies":[{"embeddable":true,"href":"https:\/\/meditic.facmed.unam.mx\/index.php\/wp-json\/wp\/v2\/comments?post=782"}],"version-history":[{"count":29,"href":"https:\/\/meditic.facmed.unam.mx\/index.php\/wp-json\/wp\/v2\/pages\/782\/revisions"}],"predecessor-version":[{"id":3636,"href":"https:\/\/meditic.facmed.unam.mx\/index.php\/wp-json\/wp\/v2\/pages\/782\/revisions\/3636"}],"up":[{"embeddable":true,"href":"https:\/\/meditic.facmed.unam.mx\/index.php\/wp-json\/wp\/v2\/pages\/107"}],"wp:attachment":[{"href":"https:\/\/meditic.facmed.unam.mx\/index.php\/wp-json\/wp\/v2\/media?parent=782"}],"curies":[{"name":"wp","href":"https:\/\/api.w.org\/{rel}","templated":true}]}}